{"id":3555,"date":"2025-07-09T04:53:19","date_gmt":"2025-07-09T02:53:19","guid":{"rendered":"https:\/\/portagent.eu\/?page_id=3555"},"modified":"2025-07-31T17:35:48","modified_gmt":"2025-07-31T15:35:48","slug":"export-cargo-germany","status":"publish","type":"page","link":"https:\/\/portagent.eu\/de\/export-cargo-germany\/","title":{"rendered":"Auto &#038; Fracht Export Deutschland \u2013 Portagent"},"content":{"rendered":"<div class=\"vc_row wpb_row vc_row-fluid\"><div class=\"wpb_column vc_column_container vc_col-sm-12\"><div class=\"vc_column-inner\"><div class=\"wpb_wrapper\">\n\t<div class=\"wpb_text_column wpb_content_element\" >\n\t\t<div class=\"wpb_wrapper\">\n\t\t\t<p data-pm-slice=\"1 1 &#091;&#093;\">Wir \u00fcbernehmen die Zollabwicklung \u2013 Sie konzentrieren sich auf das Wesentliche.<\/p>\n<h2>Kontaktieren Sie uns<\/h2>\n\n<div class=\"wpcf7 no-js\" id=\"wpcf7-f3642-o1\" lang=\"en-US\" dir=\"ltr\" data-wpcf7-id=\"3642\">\n<div class=\"screen-reader-response\"><p role=\"status\" aria-live=\"polite\" aria-atomic=\"true\"><\/p> <ul><\/ul><\/div>\n<form action=\"\/wp-json\/wp\/v2\/pages\/3555\" method=\"post\" class=\"wpcf7-form init\" aria-label=\"Contact form\" novalidate=\"novalidate\" data-status=\"init\" data-trp-original-action=\"\/de\/wp-json\/wp\/v2\/pages\/3555#wpcf7-f3642-o1\">\n<div style=\"display: none;\">\n<input type=\"hidden\" name=\"_wpcf7\" value=\"3642\" \/>\n<input type=\"hidden\" name=\"_wpcf7_version\" value=\"6.0.4\" \/>\n<input type=\"hidden\" name=\"_wpcf7_locale\" value=\"en_US\" \/>\n<input type=\"hidden\" name=\"_wpcf7_unit_tag\" value=\"wpcf7-f3642-o1\" \/>\n<input type=\"hidden\" name=\"_wpcf7_container_post\" value=\"0\" \/>\n<input type=\"hidden\" name=\"_wpcf7_posted_data_hash\" value=\"\" \/>\n<input type=\"hidden\" name=\"_wpcf7cf_hidden_group_fields\" value=\"[]\" \/>\n<input type=\"hidden\" name=\"_wpcf7cf_hidden_groups\" value=\"[]\" \/>\n<input type=\"hidden\" name=\"_wpcf7cf_visible_groups\" value=\"[]\" \/>\n<input type=\"hidden\" name=\"_wpcf7cf_repeaters\" value=\"[]\" \/>\n<input type=\"hidden\" name=\"_wpcf7cf_steps\" value=\"{}\" \/>\n<input type=\"hidden\" name=\"_wpcf7cf_options\" value=\"{&quot;form_id&quot;:3642,&quot;conditions&quot;:[{&quot;then_field&quot;:&quot;CompanyGroup&quot;,&quot;and_rules&quot;:[{&quot;if_field&quot;:&quot;customer_category&quot;,&quot;operator&quot;:&quot;equals&quot;,&quot;if_value&quot;:&quot;Company&quot;}]},{&quot;then_field&quot;:&quot;OtherServiceType&quot;,&quot;and_rules&quot;:[{&quot;if_field&quot;:&quot;service_type&quot;,&quot;operator&quot;:&quot;equals&quot;,&quot;if_value&quot;:&quot;Other&quot;}]}],&quot;settings&quot;:{&quot;animation&quot;:&quot;yes&quot;,&quot;animation_intime&quot;:200,&quot;animation_outtime&quot;:200,&quot;conditions_ui&quot;:&quot;normal&quot;,&quot;notice_dismissed&quot;:false,&quot;notice_dismissed_update-cf7-6.0.6&quot;:true}}\" \/>\n<input type=\"hidden\" name=\"_wpcf7_recaptcha_response\" value=\"\" \/>\n<\/div>\n<div class=\"formInput w-100\">\n\t<p><label>Kundentyp*<\/label><span class=\"wpcf7-form-control-wrap\" data-name=\"customer_category\"><select class=\"wpcf7-form-control wpcf7-select\" aria-invalid=\"false\" name=\"customer_category\"><option value=\"Private\">privat<\/option><option value=\"Company\">Firma<\/option><\/select><\/span>\n\t<\/p>\n<\/div>\n<div class=\"formInput w-50\">\n\t<p><label>Vorname*<\/label><span class=\"wpcf7-form-control-wrap\" data-name=\"first_name\"><input size=\"40\" maxlength=\"400\" class=\"wpcf7-form-control wpcf7-text wpcf7-validates-as-required form-control\" id=\"first_name\" aria-required=\"true\" aria-invalid=\"false\" placeholder=\"z.B. Max\" value=\"\" type=\"text\" name=\"first_name\" \/><\/span>\n\t<\/p>\n<\/div>\n<div class=\"formInput w-50\">\n\t<p><label>Nachname*<\/label><span class=\"wpcf7-form-control-wrap\" data-name=\"last_name\"><input size=\"40\" maxlength=\"400\" class=\"wpcf7-form-control wpcf7-text wpcf7-validates-as-required form-control\" id=\"last_name\" aria-required=\"true\" aria-invalid=\"false\" placeholder=\"z.B. M\u00fcller\" value=\"\" type=\"text\" name=\"last_name\" \/><\/span>\n\t<\/p>\n<\/div>\n<div data-id=\"CompanyGroup\" data-orig_data_id=\"CompanyGroup\" data-clear_on_hide class=\"w-100\" data-class=\"wpcf7cf_group\">\n\t<div class=\"formInput w-100\">\n\t\t<p><label>Firmenname*<\/label><span class=\"wpcf7-form-control-wrap\" data-name=\"company_name\"><input size=\"40\" maxlength=\"400\" class=\"wpcf7-form-control wpcf7-text wpcf7-validates-as-required form-control\" id=\"company_name\" aria-required=\"true\" aria-invalid=\"false\" placeholder=\"e.g. Sample\" value=\"\" type=\"text\" name=\"company_name\" \/><\/span>\n\t\t<\/p>\n\t<\/div>\n<\/div>\n<div class=\"formInput w-50\">\n\t<p><label>E-Mail-Adresse*<\/label><span class=\"wpcf7-form-control-wrap\" data-name=\"email\"><input size=\"40\" maxlength=\"400\" class=\"wpcf7-form-control wpcf7-email wpcf7-validates-as-required wpcf7-text wpcf7-validates-as-email form-control\" id=\"email\" aria-required=\"true\" aria-invalid=\"false\" placeholder=\"z.B. name@email.de\" value=\"\" type=\"email\" name=\"email\" \/><\/span>\n\t<\/p>\n<\/div>\n<div class=\"formInput w-50\">\n\t<p><label>Telefonnummer*<\/label><span class=\"wpcf7-form-control-wrap\" data-name=\"phone\"><input size=\"40\" class=\"wpcf7-form-control wpcf7-phonetext wpcf7-validates-as-required wpcf7-text wpcf7-validates-as-phonetext form-control\" data-numberonly=\"true\" aria-required=\"true\" aria-invalid=\"false\" value=\"\" type=\"text\" name=\"phone\" \/><input type=\"hidden\" name=\"phone-country-code\" class=\"wpcf7-phonetext-country-code\" \/><\/span>\n\t<\/p>\n<\/div>\n<p><\/>\n<\/p>\n<div data-id=\"CompanyGroup\" data-orig_data_id=\"CompanyGroup\" data-clear_on_hide class=\"w-100\" data-class=\"wpcf7cf_group\">\n\t<div class=\"d-flex flex-wrap justify-space-between\">\n\t\t<div class=\"formInput w-100\">\n\t\t\t<p><label>Rolle \/ Abteilung<\/label><span class=\"wpcf7-form-control-wrap\" data-name=\"role_department\"><select class=\"wpcf7-form-control wpcf7-select wpcf7-validates-as-required form-control\" aria-required=\"true\" aria-invalid=\"false\" name=\"role_department\"><option value=\"Logistics\">Logistik<\/option><option value=\"Procurement\">Beschaffung<\/option><option value=\"Management\">Gesch\u00e4ftsf\u00fchrung<\/option><option value=\"Operations\">Betrieb<\/option><option value=\"Other\">Sonstiges<\/option><\/select><\/span>\n\t\t\t<\/p>\n\t\t<\/div>\n\t\t<div class=\"formInput w-100\">\n\t\t\t<p><label>Type of Service Needed*<\/label><span class=\"wpcf7-form-control-wrap\" data-name=\"service_type\"><span class=\"wpcf7-form-control wpcf7-checkbox wpcf7-validates-as-required type_of_service_checkbox_container\"><span class=\"wpcf7-list-item first\"><input type=\"checkbox\" name=\"service_type[]\" value=\"Import Clearance\" \/><span class=\"wpcf7-list-item-label\">Importabfertigung<\/span><\/span><span class=\"wpcf7-list-item\"><input type=\"checkbox\" name=\"service_type[]\" value=\"Export Clearance\" \/><span class=\"wpcf7-list-item-label\">Exportabfertigung<\/span><\/span><span class=\"wpcf7-list-item\"><input type=\"checkbox\" name=\"service_type[]\" value=\"Customs Consultancy\" \/><span class=\"wpcf7-list-item-label\">Zollberatung<\/span><\/span><span class=\"wpcf7-list-item\"><input type=\"checkbox\" name=\"service_type[]\" value=\"Temporary Import\/Export\" \/><span class=\"wpcf7-list-item-label\">Vor\u00fcbergehender Import\/Export<\/span><\/span><span class=\"wpcf7-list-item\"><input type=\"checkbox\" name=\"service_type[]\" value=\"Warehousing &amp; Transit\" \/><span class=\"wpcf7-list-item-label\">Lagerung &amp; Transit<\/span><\/span><span class=\"wpcf7-list-item last\"><input type=\"checkbox\" name=\"service_type[]\" value=\"Other\" \/><span class=\"wpcf7-list-item-label\">Sonstiges<\/span><\/span><\/span><\/span>\n\t\t\t<\/p>\n\t\t<\/div>\n\t<\/div>\n<\/div>\n<div data-id=\"OtherServiceType\" data-orig_data_id=\"OtherServiceType\" data-clear_on_hide class=\"w-100\" data-class=\"wpcf7cf_group\">\n\t<div class=\"formInput w-100\">\n\t\t<p><label>Art des Service eingeben<\/label><span class=\"wpcf7-form-control-wrap\" data-name=\"other_service_type\"><input size=\"40\" maxlength=\"400\" class=\"wpcf7-form-control wpcf7-text form-control\" aria-invalid=\"false\" placeholder=\"Bitte geben Sie die gew\u00fcnschte Serviceart ein\" value=\"\" type=\"text\" name=\"other_service_type\" \/><\/span>\n\t\t<\/p>\n\t<\/div>\n<\/div>\n<div class=\"formInput w-100\">\n\t<p><label>Welche Waren versenden Sie?<\/label><span class=\"wpcf7-form-control-wrap\" data-name=\"type_of_goods\"><input size=\"40\" maxlength=\"400\" class=\"wpcf7-form-control wpcf7-text form-control\" aria-invalid=\"false\" placeholder=\"z.\u202fB.: Pers\u00f6nliche Gegenst\u00e4nde, M\u00f6bel, Elektronikger\u00e4te\" value=\"\" type=\"text\" name=\"type_of_goods\" \/><\/span>\n\t<\/p>\n<\/div>\n<div data-id=\"CompanyGroup\" data-orig_data_id=\"CompanyGroup\" data-clear_on_hide class=\"w-100\" data-class=\"wpcf7cf_group\">\n\t<div class=\"formInput w-100\">\n\t\t<p><label>Versandh\u00e4ufigkeit*<\/label><span class=\"wpcf7-form-control-wrap\" data-name=\"shipment_frequency\"><select class=\"wpcf7-form-control wpcf7-select wpcf7-validates-as-required form-control\" aria-required=\"true\" aria-invalid=\"false\" name=\"shipment_frequency\"><option value=\"One-time\">Einmalig<\/option><option value=\"Monthly\">Monatlich<\/option><option value=\"Weekly\">W\u00f6chentlich<\/option><option value=\"Daily\">T\u00e4glich<\/option><option value=\"Not sure yet\">Noch nicht sicher<\/option><\/select><\/span>\n\t\t<\/p>\n\t<\/div>\n<\/div>\n<div class=\"formInput w-50\">\n\t<p><label>Country of Origin*<\/label><span class=\"wpcf7-form-control-wrap\" data-name=\"origin_country\"><input size=\"40\" class=\"wpcf7-form-control wpcf7-countrytext wpcf7-validates-as-required wpcf7-text wpcf7-validates-as-countrytext form-control\" aria-required=\"true\" aria-invalid=\"false\" value=\"\" type=\"text\" name=\"origin_country\" \/><\/span>\n\t<\/p>\n<\/div>\n<div class=\"formInput w-50\">\n\t<p><label>Bestimmungsland*<\/label><span class=\"wpcf7-form-control-wrap\" data-name=\"destination_country\"><input size=\"40\" class=\"wpcf7-form-control wpcf7-countrytext wpcf7-validates-as-required wpcf7-text wpcf7-validates-as-countrytext form-control\" aria-required=\"true\" aria-invalid=\"false\" value=\"\" type=\"text\" name=\"destination_country\" \/><\/span>\n\t<\/p>\n<\/div>\n<div class=\"formInput w-100\">\n\t<p><label>Zus\u00e4tzliche Hinweise oder Fragen<\/label><span class=\"wpcf7-form-control-wrap\" data-name=\"additional_notes\"><input size=\"40\" maxlength=\"400\" class=\"wpcf7-form-control wpcf7-text form-control\" aria-invalid=\"false\" placeholder=\"Zus\u00e4tzliche Hinweise oder Fragen\" value=\"\" type=\"text\" name=\"additional_notes\" \/><\/span>\n\t<\/p>\n<\/div>\n<div class=\"formInput w-50\">\n\t<div class=\"send_button\">\n\t\t<p><input class=\"wpcf7-form-control wpcf7-submit has-spinner\" id=\"submit\" type=\"submit\" value=\"Senden\" \/>\n\t\t<\/p>\n\t<\/div>\n<\/div><p style=\"display: none !important;\" class=\"akismet-fields-container\" data-prefix=\"_wpcf7_ak_\"><label>&#916;<textarea name=\"_wpcf7_ak_hp_textarea\" cols=\"45\" rows=\"8\" maxlength=\"100\"><\/textarea><\/label><input type=\"hidden\" id=\"ak_js_1\" name=\"_wpcf7_ak_js\" value=\"208\"\/><script>document.getElementById( \"ak_js_1\" ).setAttribute( \"value\", ( new Date() ).getTime() );<\/script><\/p><div class=\"wpcf7-response-output\" aria-hidden=\"true\"><\/div>\n<input type=\"hidden\" name=\"trp-form-language\" value=\"de\"\/><\/form>\n<\/div>\n\n\n\t\t<\/div>\n\t<\/div>\n<\/div><\/div><\/div><\/div>","protected":false},"excerpt":{"rendered":"Let us handle the logistics while you focus on growth! Contact Us Customer Category*PrivateCompany First Name* Last Name* Company Name* Email* Phone* Role \/ Department*LogisticsProcurementManagementOperationsOther Type of Service Needed*Import ClearanceExport ClearanceCustoms ConsultancyTemporary Import\/ExportWarehousing...","protected":false},"author":1,"featured_media":0,"parent":0,"menu_order":0,"comment_status":"closed","ping_status":"closed","template":"page-bilingual-export-template.php","meta":{"_acf_changed":false,"footnotes":""},"class_list":["post-3555","page","type-page","status-publish","hentry"],"acf":[],"yoast_head":"<!-- This site is optimized with the Yoast SEO plugin v24.5 - https:\/\/yoast.com\/wordpress\/plugins\/seo\/ -->\n<title>Auto &amp; Fracht Export Deutschland \u2013 Portagent - Portagent<\/title>\n<meta name=\"description\" content=\"Export nach Syrien, Irak &amp; Libanon \u2013 sicher, schnell &amp; mit kompletter Zollabwicklung durch unser arabischsprachiges Team.\" \/>\n<meta name=\"robots\" content=\"index, follow, max-snippet:-1, max-image-preview:large, max-video-preview:-1\" \/>\n<link rel=\"canonical\" href=\"https:\/\/portagent.eu\/de\/export-cargo-germany\/\" \/>\n<meta property=\"og:locale\" content=\"de_DE\" \/>\n<meta property=\"og:type\" content=\"article\" \/>\n<meta property=\"og:title\" content=\"Auto &amp; Fracht Export Deutschland \u2013 Portagent - Portagent\" \/>\n<meta property=\"og:description\" content=\"Export nach Syrien, Irak &amp; Libanon \u2013 sicher, schnell &amp; mit kompletter Zollabwicklung durch unser arabischsprachiges Team.\" \/>\n<meta property=\"og:url\" content=\"https:\/\/portagent.eu\/de\/export-cargo-germany\/\" \/>\n<meta property=\"og:site_name\" content=\"Portagent\" \/>\n<meta property=\"article:publisher\" content=\"https:\/\/www.facebook.com\/portagent\" \/>\n<meta property=\"article:modified_time\" content=\"2025-07-31T15:35:48+00:00\" \/>\n<meta name=\"twitter:card\" content=\"summary_large_image\" \/>\n<meta name=\"twitter:label1\" content=\"Gesch\u00e4tzte Lesezeit\" \/>\n\t<meta name=\"twitter:data1\" content=\"1 Minute\" \/>\n<script type=\"application\/ld+json\" class=\"yoast-schema-graph\">{\"@context\":\"https:\/\/schema.org\",\"@graph\":[{\"@type\":\"WebPage\",\"@id\":\"https:\/\/portagent.eu\/de\/export-cargo-germany\/\",\"url\":\"https:\/\/portagent.eu\/de\/export-cargo-germany\/\",\"name\":\"Auto & Fracht Export Deutschland \u2013 Portagent - Portagent\",\"isPartOf\":{\"@id\":\"https:\/\/portagent.eu\/de\/#website\"},\"datePublished\":\"2025-07-09T02:53:19+00:00\",\"dateModified\":\"2025-07-31T15:35:48+00:00\",\"description\":\"Export nach Syrien, Irak & Libanon \u2013 sicher, schnell & mit kompletter Zollabwicklung durch unser arabischsprachiges Team.\",\"breadcrumb\":{\"@id\":\"https:\/\/portagent.eu\/de\/export-cargo-germany\/#breadcrumb\"},\"inLanguage\":\"de-AT\",\"potentialAction\":[{\"@type\":\"ReadAction\",\"target\":[\"https:\/\/portagent.eu\/de\/export-cargo-germany\/\"]}]},{\"@type\":\"BreadcrumbList\",\"@id\":\"https:\/\/portagent.eu\/de\/export-cargo-germany\/#breadcrumb\",\"itemListElement\":[{\"@type\":\"ListItem\",\"position\":1,\"name\":\"Home\",\"item\":\"https:\/\/portagent.eu\/de\/\"},{\"@type\":\"ListItem\",\"position\":2,\"name\":\"Auto &#038; Fracht Export Deutschland \u2013 Portagent\"}]},{\"@type\":\"WebSite\",\"@id\":\"https:\/\/portagent.eu\/de\/#website\",\"url\":\"https:\/\/portagent.eu\/de\/\",\"name\":\"Portagent\",\"description\":\"COMPETENCE &amp; PARTNERSHIP in port logistics and customs clearence\",\"publisher\":{\"@id\":\"https:\/\/portagent.eu\/de\/#organization\"},\"potentialAction\":[{\"@type\":\"SearchAction\",\"target\":{\"@type\":\"EntryPoint\",\"urlTemplate\":\"https:\/\/portagent.eu\/de\/?s={search_term_string}\"},\"query-input\":{\"@type\":\"PropertyValueSpecification\",\"valueRequired\":true,\"valueName\":\"search_term_string\"}}],\"inLanguage\":\"de-AT\"},{\"@type\":\"Organization\",\"@id\":\"https:\/\/portagent.eu\/de\/#organization\",\"name\":\"Portagent\",\"url\":\"https:\/\/portagent.eu\/de\/\",\"logo\":{\"@type\":\"ImageObject\",\"inLanguage\":\"de-AT\",\"@id\":\"https:\/\/portagent.eu\/de\/#\/schema\/logo\/image\/\",\"url\":\"https:\/\/portagent.eu\/wp-content\/uploads\/2023\/02\/portagent_logo.png\",\"contentUrl\":\"https:\/\/portagent.eu\/wp-content\/uploads\/2023\/02\/portagent_logo.png\",\"width\":411,\"height\":123,\"caption\":\"Portagent\"},\"image\":{\"@id\":\"https:\/\/portagent.eu\/de\/#\/schema\/logo\/image\/\"},\"sameAs\":[\"https:\/\/www.facebook.com\/portagent\",\"https:\/\/www.linkedin.com\/company\/portagent\/?originalSubdomain=de\",\"https:\/\/www.instagram.com\/portagent\"]}]}<\/script>\n<!-- \/ Yoast SEO plugin. -->","yoast_head_json":{"title":"Auto & Fracht Export Deutschland \u2013 Portagent - Portagent","description":"Export nach Syrien, Irak & Libanon \u2013 sicher, schnell & mit kompletter Zollabwicklung durch unser arabischsprachiges Team.","robots":{"index":"index","follow":"follow","max-snippet":"max-snippet:-1","max-image-preview":"max-image-preview:large","max-video-preview":"max-video-preview:-1"},"canonical":"https:\/\/portagent.eu\/de\/export-cargo-germany\/","og_locale":"de_DE","og_type":"article","og_title":"Auto & Fracht Export Deutschland \u2013 Portagent - Portagent","og_description":"Export nach Syrien, Irak & Libanon \u2013 sicher, schnell & mit kompletter Zollabwicklung durch unser arabischsprachiges Team.","og_url":"https:\/\/portagent.eu\/de\/export-cargo-germany\/","og_site_name":"Portagent","article_publisher":"https:\/\/www.facebook.com\/portagent","article_modified_time":"2025-07-31T15:35:48+00:00","twitter_card":"summary_large_image","twitter_misc":{"Gesch\u00e4tzte Lesezeit":"1 Minute"},"schema":{"@context":"https:\/\/schema.org","@graph":[{"@type":"WebPage","@id":"https:\/\/portagent.eu\/de\/export-cargo-germany\/","url":"https:\/\/portagent.eu\/de\/export-cargo-germany\/","name":"Auto & Fracht Export Deutschland \u2013 Portagent - Portagent","isPartOf":{"@id":"https:\/\/portagent.eu\/de\/#website"},"datePublished":"2025-07-09T02:53:19+00:00","dateModified":"2025-07-31T15:35:48+00:00","description":"Export nach Syrien, Irak & Libanon \u2013 sicher, schnell & mit kompletter Zollabwicklung durch unser arabischsprachiges Team.","breadcrumb":{"@id":"https:\/\/portagent.eu\/de\/export-cargo-germany\/#breadcrumb"},"inLanguage":"de-AT","potentialAction":[{"@type":"ReadAction","target":["https:\/\/portagent.eu\/de\/export-cargo-germany\/"]}]},{"@type":"BreadcrumbList","@id":"https:\/\/portagent.eu\/de\/export-cargo-germany\/#breadcrumb","itemListElement":[{"@type":"ListItem","position":1,"name":"Home","item":"https:\/\/portagent.eu\/de\/"},{"@type":"ListItem","position":2,"name":"Auto &#038; Fracht Export Deutschland \u2013 Portagent"}]},{"@type":"WebSite","@id":"https:\/\/portagent.eu\/de\/#website","url":"https:\/\/portagent.eu\/de\/","name":"Portagent","description":"COMPETENCE &amp; PARTNERSHIP in port logistics and customs clearence","publisher":{"@id":"https:\/\/portagent.eu\/de\/#organization"},"potentialAction":[{"@type":"SearchAction","target":{"@type":"EntryPoint","urlTemplate":"https:\/\/portagent.eu\/de\/?s={search_term_string}"},"query-input":{"@type":"PropertyValueSpecification","valueRequired":true,"valueName":"search_term_string"}}],"inLanguage":"de-AT"},{"@type":"Organization","@id":"https:\/\/portagent.eu\/de\/#organization","name":"Portagent","url":"https:\/\/portagent.eu\/de\/","logo":{"@type":"ImageObject","inLanguage":"de-AT","@id":"https:\/\/portagent.eu\/de\/#\/schema\/logo\/image\/","url":"https:\/\/portagent.eu\/wp-content\/uploads\/2023\/02\/portagent_logo.png","contentUrl":"https:\/\/portagent.eu\/wp-content\/uploads\/2023\/02\/portagent_logo.png","width":411,"height":123,"caption":"Portagent"},"image":{"@id":"https:\/\/portagent.eu\/de\/#\/schema\/logo\/image\/"},"sameAs":["https:\/\/www.facebook.com\/portagent","https:\/\/www.linkedin.com\/company\/portagent\/?originalSubdomain=de","https:\/\/www.instagram.com\/portagent"]}]}},"jetpack_sharing_enabled":true,"_links":{"self":[{"href":"https:\/\/portagent.eu\/de\/wp-json\/wp\/v2\/pages\/3555"}],"collection":[{"href":"https:\/\/portagent.eu\/de\/wp-json\/wp\/v2\/pages"}],"about":[{"href":"https:\/\/portagent.eu\/de\/wp-json\/wp\/v2\/types\/page"}],"author":[{"embeddable":true,"href":"https:\/\/portagent.eu\/de\/wp-json\/wp\/v2\/users\/1"}],"replies":[{"embeddable":true,"href":"https:\/\/portagent.eu\/de\/wp-json\/wp\/v2\/comments?post=3555"}],"version-history":[{"count":17,"href":"https:\/\/portagent.eu\/de\/wp-json\/wp\/v2\/pages\/3555\/revisions"}],"predecessor-version":[{"id":3791,"href":"https:\/\/portagent.eu\/de\/wp-json\/wp\/v2\/pages\/3555\/revisions\/3791"}],"wp:attachment":[{"href":"https:\/\/portagent.eu\/de\/wp-json\/wp\/v2\/media?parent=3555"}],"curies":[{"name":"wp","href":"https:\/\/api.w.org\/{rel}","templated":true}]}}