{"id":2748,"date":"2023-04-10T08:04:57","date_gmt":"2023-04-10T06:04:57","guid":{"rendered":"https:\/\/52.57.207.78\/?page_id=2748"},"modified":"2024-12-20T16:37:43","modified_gmt":"2024-12-20T15:37:43","slug":"allgemeine-geschaftsbedingungen","status":"publish","type":"page","link":"https:\/\/portagent.eu\/de\/allgemeine-geschaftsbedingungen\/","title":{"rendered":"Allgemeine Gesch\u00e4ftsbedingungen"},"content":{"rendered":"<div class=\"vc_row wpb_row vc_row-fluid vc_custom_1670215528724\"><div class=\"wpb_column vc_column_container vc_col-sm-12\"><div class=\"vc_column-inner\"><div class=\"wpb_wrapper\">\n\t<div class=\"wpb_text_column wpb_content_element  vc_custom_1686734070193\" >\n\t\t<div class=\"wpb_wrapper\">\n\t\t\t<p><span style=\"font-weight: 400;\">Wir arbeiten ausschlie\u00dflich auf der Grundlage der Allgemeinen Deutschen Spediteurbedingungen 2017 (ADSp 2017). Die ADSp 2017 enthalten Haftungsbegrenzungen, die geringer sind als die gesetzlich vorgesehenen Haftungsbetr\u00e4ge. Sie beschr\u00e4nken in Ziffer 23 die gesetzliche Haftung f\u00fcr G\u00fctersch\u00e4den nach \u00a7 431 HGB in H\u00f6he von 8,33 Sonderziehungsrechten pro Kilogramm (SZR\/kg) je Schadenfall bzw. je Schadenereignis auf 1,25 Millionen bzw. 2,5 Millionen Euro oder 2SZR\/kg, je nachdem, welcher Betrag h\u00f6her ist, und bei multimodalen Transporten unter Einschluss einer Seebef\u00f6rderung bei unbekanntem Schadensort auf 2 SZR\/kg. Die Textfassung der ADSp 2017 k\u00f6nnen Sie abrufen unter ADSp 2017.<\/span><\/p>\n<p><span style=\"font-weight: 400;\">Zus\u00e4tzlich werden wir Ihnen auf Anforderung eine Textfassung der ADSp 2017 kostenfrei \u00fcbersenden.<\/span><\/p>\n<p><a href=\"https:\/\/www.dslv.org\/fileadmin\/Redaktion\/PDFs\/07_Publikationen\/ADSp\/DSLV-ADSp-2017.pdf\"><span style=\"font-weight: 400;\">Die Allgemeinen Deutschen Spediteurbedingungen 2017 (ADSp 2017) als PDF anzeigen lassen.<\/span><\/a><\/p>\n\n\t\t<\/div>\n\t<\/div>\n<\/div><\/div><\/div><\/div>","protected":false},"excerpt":{"rendered":"Wir arbeiten ausschlie\u00dflich auf der Grundlage der Allgemeinen Deutschen Spediteurbedingungen 2017 (ADSp 2017). Die ADSp 2017 enthalten Haftungsbegrenzungen, die geringer sind als die gesetzlich vorgesehenen Haftungsbetr\u00e4ge. Sie beschr\u00e4nken in Ziffer 23 die gesetzliche...","protected":false},"author":3,"featured_media":0,"parent":0,"menu_order":0,"comment_status":"closed","ping_status":"closed","template":"","meta":{"_acf_changed":false,"footnotes":""},"class_list":["post-2748","page","type-page","status-publish","hentry"],"acf":[],"yoast_head":"<!-- This site is optimized with the Yoast SEO plugin v24.5 - https:\/\/yoast.com\/wordpress\/plugins\/seo\/ -->\n<title>Allgemeine Gesch\u00e4ftsbedingungen - Portagent<\/title>\n<meta name=\"description\" content=\"Die Allgemeinen Gesch\u00e4ftsbedingungen (AGB) von Portagent basieren auf den ADSp 2017, die Haftungsbegrenzungen f\u00fcr G\u00fctersch\u00e4den enthalten. Details zu den Haftungsbeschr\u00e4nkungen und die vollst\u00e4ndigen ADSp 2017 sind auf der Webseite verf\u00fcgbar.\" \/>\n<meta name=\"robots\" content=\"index, follow, max-snippet:-1, max-image-preview:large, max-video-preview:-1\" \/>\n<link rel=\"canonical\" href=\"https:\/\/portagent.eu\/de\/allgemeine-geschaftsbedingungen\/\" \/>\n<meta property=\"og:locale\" content=\"de_DE\" \/>\n<meta property=\"og:type\" content=\"article\" \/>\n<meta property=\"og:title\" content=\"Allgemeine Gesch\u00e4ftsbedingungen - Portagent\" \/>\n<meta property=\"og:description\" content=\"Die Allgemeinen Gesch\u00e4ftsbedingungen (AGB) von Portagent basieren auf den ADSp 2017, die Haftungsbegrenzungen f\u00fcr G\u00fctersch\u00e4den enthalten. Details zu den Haftungsbeschr\u00e4nkungen und die vollst\u00e4ndigen ADSp 2017 sind auf der Webseite verf\u00fcgbar.\" \/>\n<meta property=\"og:url\" content=\"https:\/\/portagent.eu\/de\/allgemeine-geschaftsbedingungen\/\" \/>\n<meta property=\"og:site_name\" content=\"Portagent\" \/>\n<meta property=\"article:publisher\" content=\"https:\/\/www.facebook.com\/portagent\" \/>\n<meta property=\"article:modified_time\" content=\"2024-12-20T15:37:43+00:00\" \/>\n<meta name=\"twitter:card\" content=\"summary_large_image\" \/>\n<meta name=\"twitter:label1\" content=\"Gesch\u00e4tzte Lesezeit\" \/>\n\t<meta name=\"twitter:data1\" content=\"1 Minute\" \/>\n<script type=\"application\/ld+json\" class=\"yoast-schema-graph\">{\"@context\":\"https:\/\/schema.org\",\"@graph\":[{\"@type\":\"WebPage\",\"@id\":\"https:\/\/portagent.eu\/de\/allgemeine-geschaftsbedingungen\/\",\"url\":\"https:\/\/portagent.eu\/de\/allgemeine-geschaftsbedingungen\/\",\"name\":\"Allgemeine Gesch\u00e4ftsbedingungen - Portagent\",\"isPartOf\":{\"@id\":\"https:\/\/portagent.eu\/de\/#website\"},\"datePublished\":\"2023-04-10T06:04:57+00:00\",\"dateModified\":\"2024-12-20T15:37:43+00:00\",\"description\":\"Die Allgemeinen Gesch\u00e4ftsbedingungen (AGB) von Portagent basieren auf den ADSp 2017, die Haftungsbegrenzungen f\u00fcr G\u00fctersch\u00e4den enthalten. Details zu den Haftungsbeschr\u00e4nkungen und die vollst\u00e4ndigen ADSp 2017 sind auf der Webseite verf\u00fcgbar.\",\"breadcrumb\":{\"@id\":\"https:\/\/portagent.eu\/de\/allgemeine-geschaftsbedingungen\/#breadcrumb\"},\"inLanguage\":\"de-AT\",\"potentialAction\":[{\"@type\":\"ReadAction\",\"target\":[\"https:\/\/portagent.eu\/de\/allgemeine-geschaftsbedingungen\/\"]}]},{\"@type\":\"BreadcrumbList\",\"@id\":\"https:\/\/portagent.eu\/de\/allgemeine-geschaftsbedingungen\/#breadcrumb\",\"itemListElement\":[{\"@type\":\"ListItem\",\"position\":1,\"name\":\"Home\",\"item\":\"https:\/\/portagent.eu\/de\/\"},{\"@type\":\"ListItem\",\"position\":2,\"name\":\"Allgemeine Gesch\u00e4ftsbedingungen\"}]},{\"@type\":\"WebSite\",\"@id\":\"https:\/\/portagent.eu\/de\/#website\",\"url\":\"https:\/\/portagent.eu\/de\/\",\"name\":\"Portagent\",\"description\":\"COMPETENCE &amp; PARTNERSHIP in port logistics and customs clearence\",\"publisher\":{\"@id\":\"https:\/\/portagent.eu\/de\/#organization\"},\"potentialAction\":[{\"@type\":\"SearchAction\",\"target\":{\"@type\":\"EntryPoint\",\"urlTemplate\":\"https:\/\/portagent.eu\/de\/?s={search_term_string}\"},\"query-input\":{\"@type\":\"PropertyValueSpecification\",\"valueRequired\":true,\"valueName\":\"search_term_string\"}}],\"inLanguage\":\"de-AT\"},{\"@type\":\"Organization\",\"@id\":\"https:\/\/portagent.eu\/de\/#organization\",\"name\":\"Portagent\",\"url\":\"https:\/\/portagent.eu\/de\/\",\"logo\":{\"@type\":\"ImageObject\",\"inLanguage\":\"de-AT\",\"@id\":\"https:\/\/portagent.eu\/de\/#\/schema\/logo\/image\/\",\"url\":\"https:\/\/portagent.eu\/wp-content\/uploads\/2023\/02\/portagent_logo.png\",\"contentUrl\":\"https:\/\/portagent.eu\/wp-content\/uploads\/2023\/02\/portagent_logo.png\",\"width\":411,\"height\":123,\"caption\":\"Portagent\"},\"image\":{\"@id\":\"https:\/\/portagent.eu\/de\/#\/schema\/logo\/image\/\"},\"sameAs\":[\"https:\/\/www.facebook.com\/portagent\",\"https:\/\/www.linkedin.com\/company\/portagent\/?originalSubdomain=de\",\"https:\/\/www.instagram.com\/portagent\"]}]}<\/script>\n<!-- \/ Yoast SEO plugin. -->","yoast_head_json":{"title":"Allgemeine Gesch\u00e4ftsbedingungen - Portagent","description":"Die Allgemeinen Gesch\u00e4ftsbedingungen (AGB) von Portagent basieren auf den ADSp 2017, die Haftungsbegrenzungen f\u00fcr G\u00fctersch\u00e4den enthalten. Details zu den Haftungsbeschr\u00e4nkungen und die vollst\u00e4ndigen ADSp 2017 sind auf der Webseite verf\u00fcgbar.","robots":{"index":"index","follow":"follow","max-snippet":"max-snippet:-1","max-image-preview":"max-image-preview:large","max-video-preview":"max-video-preview:-1"},"canonical":"https:\/\/portagent.eu\/de\/allgemeine-geschaftsbedingungen\/","og_locale":"de_DE","og_type":"article","og_title":"Allgemeine Gesch\u00e4ftsbedingungen - Portagent","og_description":"Die Allgemeinen Gesch\u00e4ftsbedingungen (AGB) von Portagent basieren auf den ADSp 2017, die Haftungsbegrenzungen f\u00fcr G\u00fctersch\u00e4den enthalten. Details zu den Haftungsbeschr\u00e4nkungen und die vollst\u00e4ndigen ADSp 2017 sind auf der Webseite verf\u00fcgbar.","og_url":"https:\/\/portagent.eu\/de\/allgemeine-geschaftsbedingungen\/","og_site_name":"Portagent","article_publisher":"https:\/\/www.facebook.com\/portagent","article_modified_time":"2024-12-20T15:37:43+00:00","twitter_card":"summary_large_image","twitter_misc":{"Gesch\u00e4tzte Lesezeit":"1 Minute"},"schema":{"@context":"https:\/\/schema.org","@graph":[{"@type":"WebPage","@id":"https:\/\/portagent.eu\/de\/allgemeine-geschaftsbedingungen\/","url":"https:\/\/portagent.eu\/de\/allgemeine-geschaftsbedingungen\/","name":"Allgemeine Gesch\u00e4ftsbedingungen - Portagent","isPartOf":{"@id":"https:\/\/portagent.eu\/de\/#website"},"datePublished":"2023-04-10T06:04:57+00:00","dateModified":"2024-12-20T15:37:43+00:00","description":"Die Allgemeinen Gesch\u00e4ftsbedingungen (AGB) von Portagent basieren auf den ADSp 2017, die Haftungsbegrenzungen f\u00fcr G\u00fctersch\u00e4den enthalten. Details zu den Haftungsbeschr\u00e4nkungen und die vollst\u00e4ndigen ADSp 2017 sind auf der Webseite verf\u00fcgbar.","breadcrumb":{"@id":"https:\/\/portagent.eu\/de\/allgemeine-geschaftsbedingungen\/#breadcrumb"},"inLanguage":"de-AT","potentialAction":[{"@type":"ReadAction","target":["https:\/\/portagent.eu\/de\/allgemeine-geschaftsbedingungen\/"]}]},{"@type":"BreadcrumbList","@id":"https:\/\/portagent.eu\/de\/allgemeine-geschaftsbedingungen\/#breadcrumb","itemListElement":[{"@type":"ListItem","position":1,"name":"Home","item":"https:\/\/portagent.eu\/de\/"},{"@type":"ListItem","position":2,"name":"Allgemeine Gesch\u00e4ftsbedingungen"}]},{"@type":"WebSite","@id":"https:\/\/portagent.eu\/de\/#website","url":"https:\/\/portagent.eu\/de\/","name":"Portagent","description":"COMPETENCE &amp; PARTNERSHIP in port logistics and customs clearence","publisher":{"@id":"https:\/\/portagent.eu\/de\/#organization"},"potentialAction":[{"@type":"SearchAction","target":{"@type":"EntryPoint","urlTemplate":"https:\/\/portagent.eu\/de\/?s={search_term_string}"},"query-input":{"@type":"PropertyValueSpecification","valueRequired":true,"valueName":"search_term_string"}}],"inLanguage":"de-AT"},{"@type":"Organization","@id":"https:\/\/portagent.eu\/de\/#organization","name":"Portagent","url":"https:\/\/portagent.eu\/de\/","logo":{"@type":"ImageObject","inLanguage":"de-AT","@id":"https:\/\/portagent.eu\/de\/#\/schema\/logo\/image\/","url":"https:\/\/portagent.eu\/wp-content\/uploads\/2023\/02\/portagent_logo.png","contentUrl":"https:\/\/portagent.eu\/wp-content\/uploads\/2023\/02\/portagent_logo.png","width":411,"height":123,"caption":"Portagent"},"image":{"@id":"https:\/\/portagent.eu\/de\/#\/schema\/logo\/image\/"},"sameAs":["https:\/\/www.facebook.com\/portagent","https:\/\/www.linkedin.com\/company\/portagent\/?originalSubdomain=de","https:\/\/www.instagram.com\/portagent"]}]}},"jetpack_sharing_enabled":true,"_links":{"self":[{"href":"https:\/\/portagent.eu\/de\/wp-json\/wp\/v2\/pages\/2748"}],"collection":[{"href":"https:\/\/portagent.eu\/de\/wp-json\/wp\/v2\/pages"}],"about":[{"href":"https:\/\/portagent.eu\/de\/wp-json\/wp\/v2\/types\/page"}],"author":[{"embeddable":true,"href":"https:\/\/portagent.eu\/de\/wp-json\/wp\/v2\/users\/3"}],"replies":[{"embeddable":true,"href":"https:\/\/portagent.eu\/de\/wp-json\/wp\/v2\/comments?post=2748"}],"version-history":[{"count":2,"href":"https:\/\/portagent.eu\/de\/wp-json\/wp\/v2\/pages\/2748\/revisions"}],"predecessor-version":[{"id":2960,"href":"https:\/\/portagent.eu\/de\/wp-json\/wp\/v2\/pages\/2748\/revisions\/2960"}],"wp:attachment":[{"href":"https:\/\/portagent.eu\/de\/wp-json\/wp\/v2\/media?parent=2748"}],"curies":[{"name":"wp","href":"https:\/\/api.w.org\/{rel}","templated":true}]}}