{"id":2745,"date":"2023-04-10T07:56:26","date_gmt":"2023-04-10T05:56:26","guid":{"rendered":"https:\/\/52.57.207.78\/?page_id=2745"},"modified":"2025-07-24T18:56:22","modified_gmt":"2025-07-24T16:56:22","slug":"datenschutz","status":"publish","type":"page","link":"https:\/\/portagent.eu\/de\/datenschutz\/","title":{"rendered":"Datenschutz"},"content":{"rendered":"<div class=\"vc_row wpb_row vc_row-fluid vc_custom_1670236853878\"><div class=\"wpb_column vc_column_container vc_col-sm-12\"><div class=\"vc_column-inner\"><div class=\"wpb_wrapper\">\n\t<div class=\"wpb_text_column wpb_content_element\" >\n\t\t<div class=\"wpb_wrapper\">\n\t\t\t<h4>Allgemeine Absichtserkl\u00e4rung<\/h4>\n<p><span style=\"font-weight: 400;\">Alle im entsprechenden Feld ausgef\u00fcllte Daten, die wir zur Bearbeitung der von Ihnen ausgew\u00e4hlten Leistung ben\u00f6tigen, werden auf der aktuellen Rechtslage von uns vertraut behandelt. Alle Ihre Angaben werden ben\u00f6tigt, um Ihnen unseren Leistungsstandart zu sichern.<\/span><\/p>\n\n\t\t<\/div>\n\t<\/div>\n\n\t<div class=\"wpb_text_column wpb_content_element\" >\n\t\t<div class=\"wpb_wrapper\">\n\t\t\t<h4>Keine Weitergabe Ihrer Daten an Dritte<\/h4>\n<p><span style=\"font-weight: 400;\">Ihre Daten werden nicht an Dritte \u00fcbermittelt. Wir verwenden die von Ihnen freiwillig angegebene Daten nur f\u00fcr die von Ihnen angegebenen Zwecke. Eine Weitergabe Ihrer Daten erfolgt nicht ohne Einwilligung. Eine \u00dcbermittlung im Rahmen einer Anmeldung an staatliche Institutionen und Beh\u00f6rden erfolgt nur im Rahmen der aktuellen Gesetze.<\/span><\/p>\n\n\t\t<\/div>\n\t<\/div>\n\n\t<div class=\"wpb_text_column wpb_content_element\" >\n\t\t<div class=\"wpb_wrapper\">\n\t\t\t<h4>Speicherung Ihrer Personenbezogenen Daten<\/h4>\n<p><span style=\"font-weight: 400;\">Wir speichern Ihre Daten sicher und in Einklang mit der geltenden Datenchutzgebung. Wir bem\u00fchen uns Ihre Daten so zu speichern, dass Sie f\u00fcr Dritte nicht zug\u00e4nglich sind. Bei einer Kommunikation per E-Mail kann die vollst\u00e4ndige Datensicherheit nicht gew\u00e4hrleistet werden.<\/span><\/p>\n\n\t\t<\/div>\n\t<\/div>\n\n\t<div class=\"wpb_text_column wpb_content_element\" >\n\t\t<div class=\"wpb_wrapper\">\n\t\t\t<h4>Einsicht in Ihre pers\u00f6nlichen Daten<\/h4>\n<p><span style=\"font-weight: 400;\">Sie haben die M\u00f6glichkeit zu erfahren welche Daten wir \u00fcber Sie speichern. Somit k\u00f6nnen Fehler und Informationen berichtigt werden. Hierzu sowie zu weiteren Fragen zum Thema Datenschutz k\u00f6nne Sie sich jederzeit unter der im Impressum angegebene Kontaktdaten an uns wenden.\u00a0<\/span><\/p>\n\n\t\t<\/div>\n\t<\/div>\n\n\t<div class=\"wpb_text_column wpb_content_element\" >\n\t\t<div class=\"wpb_wrapper\">\n\t\t\t<h4>Cookies<\/h4>\n<p><span style=\"font-weight: 400;\">Unsere Internetseite verwendet Cookies. Cookies richten auf Ihrem Rechner keinen Schaden an und enthalten keine Viren. Cookies dienen dazu, unser Angebot nutzerfreundlicher, effektiver und sicherer zu machen. Die meisten der von uns verwendeten Cookies werden nach Ende Ihres Besuchs automatisch gel\u00f6scht. Andere Cookies bleiben auf Ihrem Endger\u00e4t gespeichert bis Sie diese l\u00f6schen. Diese Cookies erm\u00f6glichen es uns, Ihren Browser beim n\u00e4chsten Besuch wiederzuerkennen.<\/span><\/p>\n\n\t\t<\/div>\n\t<\/div>\n<\/div><\/div><\/div><\/div>","protected":false},"excerpt":{"rendered":"Allgemeine Absichtserkl\u00e4rung Alle im entsprechenden Feld ausgef\u00fcllte Daten, die wir zur Bearbeitung der von Ihnen ausgew\u00e4hlten Leistung ben\u00f6tigen, werden auf der aktuellen Rechtslage von uns vertraut behandelt. Alle Ihre Angaben werden ben\u00f6tigt, um...","protected":false},"author":3,"featured_media":0,"parent":0,"menu_order":0,"comment_status":"closed","ping_status":"open","template":"","meta":{"_acf_changed":false,"footnotes":""},"class_list":["post-2745","page","type-page","status-publish","hentry"],"acf":[],"yoast_head":"<!-- This site is optimized with the Yoast SEO plugin v24.5 - https:\/\/yoast.com\/wordpress\/plugins\/seo\/ -->\n<title>Datenschutz - Portagent<\/title>\n<meta name=\"description\" content=\"Portagent sch\u00fctzt Ihre Daten gem\u00e4\u00df den gesetzlichen Bestimmungen. Personenbezogene Daten werden vertraulich behandelt und nicht an Dritte weitergegeben.\" \/>\n<meta name=\"robots\" content=\"index, follow, max-snippet:-1, max-image-preview:large, max-video-preview:-1\" \/>\n<link rel=\"canonical\" href=\"https:\/\/portagent.eu\/de\/datenschutz\/\" \/>\n<meta property=\"og:locale\" content=\"de_DE\" \/>\n<meta property=\"og:type\" content=\"article\" \/>\n<meta property=\"og:title\" content=\"Datenschutz - Portagent\" \/>\n<meta property=\"og:description\" content=\"Portagent sch\u00fctzt Ihre Daten gem\u00e4\u00df den gesetzlichen Bestimmungen. Personenbezogene Daten werden vertraulich behandelt und nicht an Dritte weitergegeben.\" \/>\n<meta property=\"og:url\" content=\"https:\/\/portagent.eu\/de\/datenschutz\/\" \/>\n<meta property=\"og:site_name\" content=\"Portagent\" \/>\n<meta property=\"article:publisher\" content=\"https:\/\/www.facebook.com\/portagent\" \/>\n<meta property=\"article:modified_time\" content=\"2025-07-24T16:56:22+00:00\" \/>\n<meta name=\"twitter:card\" content=\"summary_large_image\" \/>\n<meta name=\"twitter:label1\" content=\"Gesch\u00e4tzte Lesezeit\" \/>\n\t<meta name=\"twitter:data1\" content=\"2 Minuten\" \/>\n<script type=\"application\/ld+json\" class=\"yoast-schema-graph\">{\"@context\":\"https:\/\/schema.org\",\"@graph\":[{\"@type\":\"WebPage\",\"@id\":\"https:\/\/portagent.eu\/de\/datenschutz\/\",\"url\":\"https:\/\/portagent.eu\/de\/datenschutz\/\",\"name\":\"Datenschutz - Portagent\",\"isPartOf\":{\"@id\":\"https:\/\/portagent.eu\/de\/#website\"},\"datePublished\":\"2023-04-10T05:56:26+00:00\",\"dateModified\":\"2025-07-24T16:56:22+00:00\",\"description\":\"Portagent sch\u00fctzt Ihre Daten gem\u00e4\u00df den gesetzlichen Bestimmungen. Personenbezogene Daten werden vertraulich behandelt und nicht an Dritte weitergegeben.\",\"breadcrumb\":{\"@id\":\"https:\/\/portagent.eu\/de\/datenschutz\/#breadcrumb\"},\"inLanguage\":\"de-AT\",\"potentialAction\":[{\"@type\":\"ReadAction\",\"target\":[\"https:\/\/portagent.eu\/de\/datenschutz\/\"]}]},{\"@type\":\"BreadcrumbList\",\"@id\":\"https:\/\/portagent.eu\/de\/datenschutz\/#breadcrumb\",\"itemListElement\":[{\"@type\":\"ListItem\",\"position\":1,\"name\":\"Home\",\"item\":\"https:\/\/portagent.eu\/de\/\"},{\"@type\":\"ListItem\",\"position\":2,\"name\":\"Datenschutz\"}]},{\"@type\":\"WebSite\",\"@id\":\"https:\/\/portagent.eu\/de\/#website\",\"url\":\"https:\/\/portagent.eu\/de\/\",\"name\":\"Portagent\",\"description\":\"COMPETENCE &amp; PARTNERSHIP in port logistics and customs clearence\",\"publisher\":{\"@id\":\"https:\/\/portagent.eu\/de\/#organization\"},\"potentialAction\":[{\"@type\":\"SearchAction\",\"target\":{\"@type\":\"EntryPoint\",\"urlTemplate\":\"https:\/\/portagent.eu\/de\/?s={search_term_string}\"},\"query-input\":{\"@type\":\"PropertyValueSpecification\",\"valueRequired\":true,\"valueName\":\"search_term_string\"}}],\"inLanguage\":\"de-AT\"},{\"@type\":\"Organization\",\"@id\":\"https:\/\/portagent.eu\/de\/#organization\",\"name\":\"Portagent\",\"url\":\"https:\/\/portagent.eu\/de\/\",\"logo\":{\"@type\":\"ImageObject\",\"inLanguage\":\"de-AT\",\"@id\":\"https:\/\/portagent.eu\/de\/#\/schema\/logo\/image\/\",\"url\":\"https:\/\/portagent.eu\/wp-content\/uploads\/2023\/02\/portagent_logo.png\",\"contentUrl\":\"https:\/\/portagent.eu\/wp-content\/uploads\/2023\/02\/portagent_logo.png\",\"width\":411,\"height\":123,\"caption\":\"Portagent\"},\"image\":{\"@id\":\"https:\/\/portagent.eu\/de\/#\/schema\/logo\/image\/\"},\"sameAs\":[\"https:\/\/www.facebook.com\/portagent\",\"https:\/\/www.linkedin.com\/company\/portagent\/?originalSubdomain=de\",\"https:\/\/www.instagram.com\/portagent\"]}]}<\/script>\n<!-- \/ Yoast SEO plugin. -->","yoast_head_json":{"title":"Datenschutz - Portagent","description":"Portagent sch\u00fctzt Ihre Daten gem\u00e4\u00df den gesetzlichen Bestimmungen. Personenbezogene Daten werden vertraulich behandelt und nicht an Dritte weitergegeben.","robots":{"index":"index","follow":"follow","max-snippet":"max-snippet:-1","max-image-preview":"max-image-preview:large","max-video-preview":"max-video-preview:-1"},"canonical":"https:\/\/portagent.eu\/de\/datenschutz\/","og_locale":"de_DE","og_type":"article","og_title":"Datenschutz - Portagent","og_description":"Portagent sch\u00fctzt Ihre Daten gem\u00e4\u00df den gesetzlichen Bestimmungen. Personenbezogene Daten werden vertraulich behandelt und nicht an Dritte weitergegeben.","og_url":"https:\/\/portagent.eu\/de\/datenschutz\/","og_site_name":"Portagent","article_publisher":"https:\/\/www.facebook.com\/portagent","article_modified_time":"2025-07-24T16:56:22+00:00","twitter_card":"summary_large_image","twitter_misc":{"Gesch\u00e4tzte Lesezeit":"2 Minuten"},"schema":{"@context":"https:\/\/schema.org","@graph":[{"@type":"WebPage","@id":"https:\/\/portagent.eu\/de\/datenschutz\/","url":"https:\/\/portagent.eu\/de\/datenschutz\/","name":"Datenschutz - Portagent","isPartOf":{"@id":"https:\/\/portagent.eu\/de\/#website"},"datePublished":"2023-04-10T05:56:26+00:00","dateModified":"2025-07-24T16:56:22+00:00","description":"Portagent sch\u00fctzt Ihre Daten gem\u00e4\u00df den gesetzlichen Bestimmungen. Personenbezogene Daten werden vertraulich behandelt und nicht an Dritte weitergegeben.","breadcrumb":{"@id":"https:\/\/portagent.eu\/de\/datenschutz\/#breadcrumb"},"inLanguage":"de-AT","potentialAction":[{"@type":"ReadAction","target":["https:\/\/portagent.eu\/de\/datenschutz\/"]}]},{"@type":"BreadcrumbList","@id":"https:\/\/portagent.eu\/de\/datenschutz\/#breadcrumb","itemListElement":[{"@type":"ListItem","position":1,"name":"Home","item":"https:\/\/portagent.eu\/de\/"},{"@type":"ListItem","position":2,"name":"Datenschutz"}]},{"@type":"WebSite","@id":"https:\/\/portagent.eu\/de\/#website","url":"https:\/\/portagent.eu\/de\/","name":"Portagent","description":"COMPETENCE &amp; PARTNERSHIP in port logistics and customs clearence","publisher":{"@id":"https:\/\/portagent.eu\/de\/#organization"},"potentialAction":[{"@type":"SearchAction","target":{"@type":"EntryPoint","urlTemplate":"https:\/\/portagent.eu\/de\/?s={search_term_string}"},"query-input":{"@type":"PropertyValueSpecification","valueRequired":true,"valueName":"search_term_string"}}],"inLanguage":"de-AT"},{"@type":"Organization","@id":"https:\/\/portagent.eu\/de\/#organization","name":"Portagent","url":"https:\/\/portagent.eu\/de\/","logo":{"@type":"ImageObject","inLanguage":"de-AT","@id":"https:\/\/portagent.eu\/de\/#\/schema\/logo\/image\/","url":"https:\/\/portagent.eu\/wp-content\/uploads\/2023\/02\/portagent_logo.png","contentUrl":"https:\/\/portagent.eu\/wp-content\/uploads\/2023\/02\/portagent_logo.png","width":411,"height":123,"caption":"Portagent"},"image":{"@id":"https:\/\/portagent.eu\/de\/#\/schema\/logo\/image\/"},"sameAs":["https:\/\/www.facebook.com\/portagent","https:\/\/www.linkedin.com\/company\/portagent\/?originalSubdomain=de","https:\/\/www.instagram.com\/portagent"]}]}},"jetpack_sharing_enabled":true,"_links":{"self":[{"href":"https:\/\/portagent.eu\/de\/wp-json\/wp\/v2\/pages\/2745"}],"collection":[{"href":"https:\/\/portagent.eu\/de\/wp-json\/wp\/v2\/pages"}],"about":[{"href":"https:\/\/portagent.eu\/de\/wp-json\/wp\/v2\/types\/page"}],"author":[{"embeddable":true,"href":"https:\/\/portagent.eu\/de\/wp-json\/wp\/v2\/users\/3"}],"replies":[{"embeddable":true,"href":"https:\/\/portagent.eu\/de\/wp-json\/wp\/v2\/comments?post=2745"}],"version-history":[{"count":4,"href":"https:\/\/portagent.eu\/de\/wp-json\/wp\/v2\/pages\/2745\/revisions"}],"predecessor-version":[{"id":3713,"href":"https:\/\/portagent.eu\/de\/wp-json\/wp\/v2\/pages\/2745\/revisions\/3713"}],"wp:attachment":[{"href":"https:\/\/portagent.eu\/de\/wp-json\/wp\/v2\/media?parent=2745"}],"curies":[{"name":"wp","href":"https:\/\/api.w.org\/{rel}","templated":true}]}}