{"id":2687,"date":"2023-04-07T21:01:53","date_gmt":"2023-04-07T19:01:53","guid":{"rendered":"https:\/\/52.57.207.78\/?page_id=2687"},"modified":"2024-12-16T16:51:12","modified_gmt":"2024-12-16T15:51:12","slug":"kontakt","status":"publish","type":"page","link":"https:\/\/portagent.eu\/de\/kontakt\/","title":{"rendered":"Kontakt"},"content":{"rendered":"<div class=\"vc_row wpb_row vc_row-fluid vc_custom_1449207080478\"><div class=\"wpb_column vc_column_container vc_col-sm-12 vc_col-lg-4 vc_col-md-4\"><div class=\"vc_column-inner vc_custom_1449207085340\"><div class=\"wpb_wrapper\">\n\t<div class=\"wpb_text_column wpb_content_element\" >\n\t\t<div class=\"wpb_wrapper\">\n\t\t\t<h2><span style=\"font-weight: 400;\">Kontakt<\/span><\/h2>\n<p><span style=\"font-weight: 400;\">Sollten Sie Fragen zu unseren Dienstleistungen haben, z\u00f6gern Sie nicht uns zu kontaktieren. Sie erreichen uns telefonisch w\u00e4hrend der \u00d6ffnungszeiten und per WhatsApp, Email, oder \u00fcber unsere Internetseite. Wir antworten Ihne so schnell wie m\u00f6glich. <\/span><\/p>\n\n\t\t<\/div>\n\t<\/div>\n<\/div><\/div><\/div><div class=\"wpb_column vc_column_container vc_col-sm-12 vc_col-lg-8 vc_col-md-8\"><div class=\"vc_column-inner vc_custom_1449207088828\"><div class=\"wpb_wrapper\">\n<div class=\"wpcf7 no-js\" id=\"wpcf7-f453-o1\" lang=\"en-US\" dir=\"ltr\" data-wpcf7-id=\"453\">\n<div class=\"screen-reader-response\"><p role=\"status\" aria-live=\"polite\" aria-atomic=\"true\"><\/p> <ul><\/ul><\/div>\n<form action=\"\/wp-json\/wp\/v2\/pages\/2687\" method=\"post\" class=\"wpcf7-form init\" aria-label=\"Contact form\" novalidate=\"novalidate\" data-status=\"init\" data-trp-original-action=\"\/de\/wp-json\/wp\/v2\/pages\/2687#wpcf7-f453-o1\">\n<div style=\"display: none;\">\n<input type=\"hidden\" name=\"_wpcf7\" value=\"453\" \/>\n<input type=\"hidden\" name=\"_wpcf7_version\" value=\"6.0.4\" \/>\n<input type=\"hidden\" name=\"_wpcf7_locale\" value=\"en_US\" \/>\n<input type=\"hidden\" name=\"_wpcf7_unit_tag\" value=\"wpcf7-f453-o1\" \/>\n<input type=\"hidden\" name=\"_wpcf7_container_post\" value=\"0\" \/>\n<input type=\"hidden\" name=\"_wpcf7_posted_data_hash\" value=\"\" \/>\n<input type=\"hidden\" name=\"_wpcf7cf_hidden_group_fields\" value=\"[]\" \/>\n<input type=\"hidden\" name=\"_wpcf7cf_hidden_groups\" value=\"[]\" \/>\n<input type=\"hidden\" name=\"_wpcf7cf_visible_groups\" value=\"[]\" \/>\n<input type=\"hidden\" name=\"_wpcf7cf_repeaters\" value=\"[]\" \/>\n<input type=\"hidden\" name=\"_wpcf7cf_steps\" value=\"{}\" \/>\n<input type=\"hidden\" name=\"_wpcf7cf_options\" value=\"{&quot;form_id&quot;:453,&quot;conditions&quot;:[],&quot;settings&quot;:{&quot;animation&quot;:&quot;yes&quot;,&quot;animation_intime&quot;:200,&quot;animation_outtime&quot;:200,&quot;conditions_ui&quot;:&quot;normal&quot;,&quot;notice_dismissed&quot;:false,&quot;notice_dismissed_update-cf7-6.0.6&quot;:true}}\" \/>\n<input type=\"hidden\" name=\"_wpcf7_recaptcha_response\" value=\"\" \/>\n<\/div>\n<div class=\"contact_form\">\n\t<div class=\"row\">\n\t\t<div class=\"col-lg-6 col-md-6 col-sm-12 col-xs-12\">\n\t\t\t<div class=\"input-group\">\n\t\t\t\t<p><span class=\"wpcf7-form-control-wrap\" data-name=\"authorname\"><input size=\"40\" maxlength=\"400\" class=\"wpcf7-form-control wpcf7-text wpcf7-validates-as-required\" aria-required=\"true\" aria-invalid=\"false\" placeholder=\"Name *\" value=\"\" type=\"text\" name=\"authorname\" \/><\/span>\n\t\t\t\t<\/p>\n\t\t\t<\/div>\n\t\t\t<div class=\"input-group\">\n\t\t\t\t<p><span class=\"wpcf7-form-control-wrap\" data-name=\"email\"><input size=\"40\" maxlength=\"400\" class=\"wpcf7-form-control wpcf7-email wpcf7-validates-as-required wpcf7-text wpcf7-validates-as-email\" aria-required=\"true\" aria-invalid=\"false\" placeholder=\"E-mail *\" value=\"\" type=\"email\" name=\"email\" \/><\/span>\n\t\t\t\t<\/p>\n\t\t\t<\/div>\n\t\t<\/div>\n\t\t<div class=\"col-lg-6 col-md-6 col-sm-12 col-xs-12\">\n\t\t\t<p><span class=\"wpcf7-form-control-wrap\" data-name=\"message\"><textarea cols=\"40\" rows=\"10\" maxlength=\"2000\" class=\"wpcf7-form-control wpcf7-textarea wpcf7-validates-as-required\" aria-required=\"true\" aria-invalid=\"false\" placeholder=\"Nachricht *\" name=\"message\"><\/textarea><\/span>\n\t\t\t<\/p>\n\t\t<\/div>\n\t<\/div>\n\t<div class=\"row\">\n\t\t<div class=\"col-lg-6 col-md-6 col-sm-12 col-xs-12\">\n\t\t\t<div class=\"input-group\">\n\t\t\t\t<p><span class=\"wpcf7-form-control-wrap\" data-name=\"newsletter\"><span class=\"wpcf7-form-control wpcf7-checkbox\"><span class=\"wpcf7-list-item first last\"><label><input type=\"checkbox\" name=\"newsletter[]\" value=\"Subscribe to our newsletter\" \/><span class=\"wpcf7-list-item-label\">Abonnieren Sie unseren newsletter<\/span><\/label><\/span><\/span><\/span>\n\t\t\t\t<\/p>\n\t\t\t<\/div>\n\t\t<\/div>\n\t\n\t\t<div class=\"col-lg-6 col-md-6 col-sm-12 col-xs-12 text-right\">\n\t\t\t<div class=\"input-group\">\n\t\t\t\t<p><button class=\"button icon_right size-sm theme-wpcf7-submit\">Best\u00e4tigen <i class=\"stm-arrow-next\"><\/i><\/button>\n\t\t\t\t<\/p>\n\t\t\t<\/div>\n\t\t<\/div>\n\t<\/div>\n<\/div><p style=\"display: none !important;\" class=\"akismet-fields-container\" data-prefix=\"_wpcf7_ak_\"><label>&#916;<textarea name=\"_wpcf7_ak_hp_textarea\" cols=\"45\" rows=\"8\" maxlength=\"100\"><\/textarea><\/label><input type=\"hidden\" id=\"ak_js_1\" name=\"_wpcf7_ak_js\" value=\"58\"\/><script>document.getElementById( \"ak_js_1\" ).setAttribute( \"value\", ( new Date() ).getTime() );<\/script><\/p><div class=\"wpcf7-response-output\" aria-hidden=\"true\"><\/div>\n<input type=\"hidden\" name=\"trp-form-language\" value=\"de\"\/><\/form>\n<\/div>\n<\/div><\/div><\/div><\/div><div data-vc-full-width=\"true\" data-vc-full-width-init=\"false\" class=\"vc_row wpb_row vc_row-fluid vc_custom_1669182247509 vc_row-has-fill\"><div class=\"wpb_column vc_column_container vc_col-sm-4\"><div class=\"vc_column-inner vc_custom_1669182297611\"><div class=\"wpb_wrapper\">\n\t<div  class=\"wpb_single_image wpb_content_element vc_align_center\">\n\t\t\n\t\t<figure class=\"wpb_wrapper vc_figure\">\n\t\t\t<div class=\"vc_single_image-wrapper vc_box_rounded  vc_box_border_grey\"><img loading=\"lazy\" decoding=\"async\" width=\"130\" height=\"105\" src=\"https:\/\/portagent.eu\/wp-content\/uploads\/2022\/11\/Untitled-design-2-1.png\" class=\"vc_single_image-img attachment-thumbnail\" alt=\"\" \/><\/div>\n\t\t<\/figure>\n\t<\/div>\n<p style=\"font-size: 14px;color: #ffffff;text-align: center\" class=\"vc_custom_heading\" ><a href=\"tel:494713069750\">Phone: +49 471 3069750<\/a><\/p><\/div><\/div><\/div><div class=\"wpb_column vc_column_container vc_col-sm-4\"><div class=\"vc_column-inner vc_custom_1669182308850\"><div class=\"wpb_wrapper\">\n\t<div  class=\"wpb_single_image wpb_content_element vc_align_center\">\n\t\t\n\t\t<figure class=\"wpb_wrapper vc_figure\">\n\t\t\t<div class=\"vc_single_image-wrapper vc_box_rounded  vc_box_border_grey\"><img loading=\"lazy\" decoding=\"async\" width=\"112\" height=\"71\" src=\"https:\/\/portagent.eu\/wp-content\/uploads\/2022\/11\/Untitled-design-3-1.png\" class=\"vc_single_image-img attachment-thumbnail\" alt=\"\" \/><\/div>\n\t\t<\/figure>\n\t<\/div>\n<p style=\"font-size: 14px;color: #ffffff;text-align: center\" class=\"vc_custom_heading\" ><a href=\"mailto:info@portagent.eu\">info@portagent.eu<\/a><\/p><\/div><\/div><\/div><div class=\"wpb_column vc_column_container vc_col-sm-4\"><div class=\"vc_column-inner vc_custom_1669182313409\"><div class=\"wpb_wrapper\">\n\t<div  class=\"wpb_single_image wpb_content_element vc_align_center\">\n\t\t\n\t\t<figure class=\"wpb_wrapper vc_figure\">\n\t\t\t<div class=\"vc_single_image-wrapper vc_box_rounded  vc_box_border_grey\"><img loading=\"lazy\" decoding=\"async\" width=\"82\" height=\"95\" src=\"https:\/\/portagent.eu\/wp-content\/uploads\/2022\/11\/Untitled-design-4-1.png\" class=\"vc_single_image-img attachment-thumbnail\" alt=\"\" \/><\/div>\n\t\t<\/figure>\n\t<\/div>\n<p style=\"font-size: 14px;color: #ffffff;text-align: center\" class=\"vc_custom_heading\" ><a href=\"https:\/\/www.google.com\/maps\/place\/Portagent\/@53.5953316,8.5444422,486m\/data=!3m2!1e3!4b1!4m6!3m5!1s0x47b6b01679d86ebf:0x766252ece04bd3!8m2!3d53.5953316!4d8.5444422!16s%2Fg%2F1tdfs65t!5m1!1e2?hl=de&#038;entry=ttu&#038;g_ep=EgoyMDI0MTIxMS4wIKXMDSoASAFQAw%3D%3D\" target=\"_blank\">Portagent<br \/>\nWurster Stra\u00dfe 321<br \/>\n27580 Bremerhaven<br \/>\nDeutschland<\/a><\/p><\/div><\/div><\/div><\/div><div class=\"vc_row-full-width\"><\/div><div data-vc-full-width=\"true\" data-vc-full-width-init=\"false\" data-vc-stretch-content=\"true\" class=\"vc_row wpb_row vc_row-fluid vc_row-no-padding\"><div class=\"wpb_column vc_column_container vc_col-sm-12\"><div class=\"vc_column-inner\"><div class=\"wpb_wrapper\"><div class=\"wpb_gmaps_widget wpb_content_element\"><div class=\"wpb_wrapper\"><div class=\"wpb_map_wraper\"><iframe src=\"https:\/\/www.google.com\/maps\/embed?pb=!1m14!1m8!1m3!1d2115.0730539492056!2d8.5444422!3d53.5953316!3m2!1i1024!2i768!4f13.1!3m3!1m2!1s0x47b6b01679d86ebf%3A0x766252ece04bd3!2sPortagent!5e1!3m2!1sde!2sin!4v1734364116910!5m2!1sde!2sin\" width=\"600\" height=\"450\" style=\"border:0;\" allowfullscreen=\"\" loading=\"lazy\" referrerpolicy=\"no-referrer-when-downgrade\"><\/iframe><\/div><\/div><\/div><\/div><\/div><\/div><\/div><div class=\"vc_row-full-width\"><\/div>","protected":false},"excerpt":{"rendered":"Kontakt Sollten Sie Fragen zu unseren Dienstleistungen haben, z\u00f6gern Sie nicht uns zu kontaktieren. Sie erreichen uns telefonisch w\u00e4hrend der \u00d6ffnungszeiten und per WhatsApp, Email, oder \u00fcber unsere Internetseite. Wir antworten Ihne so...","protected":false},"author":1,"featured_media":0,"parent":0,"menu_order":0,"comment_status":"closed","ping_status":"closed","template":"","meta":{"_acf_changed":false,"footnotes":""},"class_list":["post-2687","page","type-page","status-publish","hentry"],"acf":[],"yoast_head":"<!-- This site is optimized with the Yoast SEO plugin v24.5 - https:\/\/yoast.com\/wordpress\/plugins\/seo\/ -->\n<title>Kontakt - Portagent<\/title>\n<meta name=\"robots\" content=\"index, follow, max-snippet:-1, max-image-preview:large, max-video-preview:-1\" \/>\n<link rel=\"canonical\" href=\"https:\/\/portagent.eu\/de\/kontakt\/\" \/>\n<meta property=\"og:locale\" content=\"de_DE\" \/>\n<meta property=\"og:type\" content=\"article\" \/>\n<meta property=\"og:title\" content=\"Kontakt - Portagent\" \/>\n<meta property=\"og:url\" content=\"https:\/\/portagent.eu\/de\/kontakt\/\" \/>\n<meta property=\"og:site_name\" content=\"Portagent\" \/>\n<meta property=\"article:publisher\" content=\"https:\/\/www.facebook.com\/portagent\" \/>\n<meta property=\"article:modified_time\" content=\"2024-12-16T15:51:12+00:00\" \/>\n<meta name=\"twitter:card\" content=\"summary_large_image\" \/>\n<meta name=\"twitter:label1\" content=\"Gesch\u00e4tzte Lesezeit\" \/>\n\t<meta name=\"twitter:data1\" content=\"2 Minuten\" \/>\n<script type=\"application\/ld+json\" class=\"yoast-schema-graph\">{\"@context\":\"https:\/\/schema.org\",\"@graph\":[{\"@type\":\"WebPage\",\"@id\":\"https:\/\/portagent.eu\/de\/kontakt\/\",\"url\":\"https:\/\/portagent.eu\/de\/kontakt\/\",\"name\":\"Kontakt - Portagent\",\"isPartOf\":{\"@id\":\"https:\/\/portagent.eu\/de\/#website\"},\"datePublished\":\"2023-04-07T19:01:53+00:00\",\"dateModified\":\"2024-12-16T15:51:12+00:00\",\"breadcrumb\":{\"@id\":\"https:\/\/portagent.eu\/de\/kontakt\/#breadcrumb\"},\"inLanguage\":\"de-AT\",\"potentialAction\":[{\"@type\":\"ReadAction\",\"target\":[\"https:\/\/portagent.eu\/de\/kontakt\/\"]}]},{\"@type\":\"BreadcrumbList\",\"@id\":\"https:\/\/portagent.eu\/de\/kontakt\/#breadcrumb\",\"itemListElement\":[{\"@type\":\"ListItem\",\"position\":1,\"name\":\"Home\",\"item\":\"https:\/\/portagent.eu\/de\/\"},{\"@type\":\"ListItem\",\"position\":2,\"name\":\"Kontakt\"}]},{\"@type\":\"WebSite\",\"@id\":\"https:\/\/portagent.eu\/de\/#website\",\"url\":\"https:\/\/portagent.eu\/de\/\",\"name\":\"Portagent\",\"description\":\"COMPETENCE &amp; PARTNERSHIP in port logistics and customs clearence\",\"publisher\":{\"@id\":\"https:\/\/portagent.eu\/de\/#organization\"},\"potentialAction\":[{\"@type\":\"SearchAction\",\"target\":{\"@type\":\"EntryPoint\",\"urlTemplate\":\"https:\/\/portagent.eu\/de\/?s={search_term_string}\"},\"query-input\":{\"@type\":\"PropertyValueSpecification\",\"valueRequired\":true,\"valueName\":\"search_term_string\"}}],\"inLanguage\":\"de-AT\"},{\"@type\":\"Organization\",\"@id\":\"https:\/\/portagent.eu\/de\/#organization\",\"name\":\"Portagent\",\"url\":\"https:\/\/portagent.eu\/de\/\",\"logo\":{\"@type\":\"ImageObject\",\"inLanguage\":\"de-AT\",\"@id\":\"https:\/\/portagent.eu\/de\/#\/schema\/logo\/image\/\",\"url\":\"https:\/\/portagent.eu\/wp-content\/uploads\/2023\/02\/portagent_logo.png\",\"contentUrl\":\"https:\/\/portagent.eu\/wp-content\/uploads\/2023\/02\/portagent_logo.png\",\"width\":411,\"height\":123,\"caption\":\"Portagent\"},\"image\":{\"@id\":\"https:\/\/portagent.eu\/de\/#\/schema\/logo\/image\/\"},\"sameAs\":[\"https:\/\/www.facebook.com\/portagent\",\"https:\/\/www.linkedin.com\/company\/portagent\/?originalSubdomain=de\",\"https:\/\/www.instagram.com\/portagent\"]}]}<\/script>\n<!-- \/ Yoast SEO plugin. -->","yoast_head_json":{"title":"Kontakt - Portagent","robots":{"index":"index","follow":"follow","max-snippet":"max-snippet:-1","max-image-preview":"max-image-preview:large","max-video-preview":"max-video-preview:-1"},"canonical":"https:\/\/portagent.eu\/de\/kontakt\/","og_locale":"de_DE","og_type":"article","og_title":"Kontakt - Portagent","og_url":"https:\/\/portagent.eu\/de\/kontakt\/","og_site_name":"Portagent","article_publisher":"https:\/\/www.facebook.com\/portagent","article_modified_time":"2024-12-16T15:51:12+00:00","twitter_card":"summary_large_image","twitter_misc":{"Gesch\u00e4tzte Lesezeit":"2 Minuten"},"schema":{"@context":"https:\/\/schema.org","@graph":[{"@type":"WebPage","@id":"https:\/\/portagent.eu\/de\/kontakt\/","url":"https:\/\/portagent.eu\/de\/kontakt\/","name":"Kontakt - Portagent","isPartOf":{"@id":"https:\/\/portagent.eu\/de\/#website"},"datePublished":"2023-04-07T19:01:53+00:00","dateModified":"2024-12-16T15:51:12+00:00","breadcrumb":{"@id":"https:\/\/portagent.eu\/de\/kontakt\/#breadcrumb"},"inLanguage":"de-AT","potentialAction":[{"@type":"ReadAction","target":["https:\/\/portagent.eu\/de\/kontakt\/"]}]},{"@type":"BreadcrumbList","@id":"https:\/\/portagent.eu\/de\/kontakt\/#breadcrumb","itemListElement":[{"@type":"ListItem","position":1,"name":"Home","item":"https:\/\/portagent.eu\/de\/"},{"@type":"ListItem","position":2,"name":"Kontakt"}]},{"@type":"WebSite","@id":"https:\/\/portagent.eu\/de\/#website","url":"https:\/\/portagent.eu\/de\/","name":"Portagent","description":"COMPETENCE &amp; PARTNERSHIP in port logistics and customs clearence","publisher":{"@id":"https:\/\/portagent.eu\/de\/#organization"},"potentialAction":[{"@type":"SearchAction","target":{"@type":"EntryPoint","urlTemplate":"https:\/\/portagent.eu\/de\/?s={search_term_string}"},"query-input":{"@type":"PropertyValueSpecification","valueRequired":true,"valueName":"search_term_string"}}],"inLanguage":"de-AT"},{"@type":"Organization","@id":"https:\/\/portagent.eu\/de\/#organization","name":"Portagent","url":"https:\/\/portagent.eu\/de\/","logo":{"@type":"ImageObject","inLanguage":"de-AT","@id":"https:\/\/portagent.eu\/de\/#\/schema\/logo\/image\/","url":"https:\/\/portagent.eu\/wp-content\/uploads\/2023\/02\/portagent_logo.png","contentUrl":"https:\/\/portagent.eu\/wp-content\/uploads\/2023\/02\/portagent_logo.png","width":411,"height":123,"caption":"Portagent"},"image":{"@id":"https:\/\/portagent.eu\/de\/#\/schema\/logo\/image\/"},"sameAs":["https:\/\/www.facebook.com\/portagent","https:\/\/www.linkedin.com\/company\/portagent\/?originalSubdomain=de","https:\/\/www.instagram.com\/portagent"]}]}},"jetpack_sharing_enabled":true,"_links":{"self":[{"href":"https:\/\/portagent.eu\/de\/wp-json\/wp\/v2\/pages\/2687"}],"collection":[{"href":"https:\/\/portagent.eu\/de\/wp-json\/wp\/v2\/pages"}],"about":[{"href":"https:\/\/portagent.eu\/de\/wp-json\/wp\/v2\/types\/page"}],"author":[{"embeddable":true,"href":"https:\/\/portagent.eu\/de\/wp-json\/wp\/v2\/users\/1"}],"replies":[{"embeddable":true,"href":"https:\/\/portagent.eu\/de\/wp-json\/wp\/v2\/comments?post=2687"}],"version-history":[{"count":5,"href":"https:\/\/portagent.eu\/de\/wp-json\/wp\/v2\/pages\/2687\/revisions"}],"predecessor-version":[{"id":3228,"href":"https:\/\/portagent.eu\/de\/wp-json\/wp\/v2\/pages\/2687\/revisions\/3228"}],"wp:attachment":[{"href":"https:\/\/portagent.eu\/de\/wp-json\/wp\/v2\/media?parent=2687"}],"curies":[{"name":"wp","href":"https:\/\/api.w.org\/{rel}","templated":true}]}}