{"id":2679,"date":"2023-04-07T20:26:26","date_gmt":"2023-04-07T18:26:26","guid":{"rendered":"https:\/\/52.57.207.78\/?page_id=2679"},"modified":"2024-12-16T18:28:34","modified_gmt":"2024-12-16T17:28:34","slug":"preisliste","status":"publish","type":"page","link":"https:\/\/portagent.eu\/de\/preisliste\/","title":{"rendered":"Preisliste"},"content":{"rendered":"<div class=\"vc_row wpb_row vc_row-fluid\"><div class=\"wpb_column vc_column_container vc_col-sm-12\"><div class=\"vc_column-inner\"><div class=\"wpb_wrapper\"><h2 style=\"text-align: left\" class=\"vc_custom_heading\" >Preisliste f\u00fcr unsere Dienstleistungen<\/h2>\n\t<div class=\"wpb_text_column wpb_content_element\" >\n\t\t<div class=\"wpb_wrapper\">\n\t\t\t<p><span style=\"font-weight: 400;\">Ob Sie ein Zollverfahren ben\u00f6tigen, Ihren Container umverladen m\u00f6chten oder Ihre Waren zwischenlagern wollen &#8211; unser Team bietet Ihnen eine kosteng\u00fcnstige, individuelle L\u00f6sung auf hohem Niveau. Pr\u00fcfen Sie unsere Preise und buchen Sie die gew\u00fcnschte Dienstleistung mit uns oder fordern Sie Ihr individuelles Angebot an! Sie k\u00f6nnen unser Team hier erreichen<\/span><\/p>\n\n\t\t<\/div>\n\t<\/div>\n<div class=\"vc_btn3-container vc_btn3-center\" ><a class=\"vc_general vc_btn3 vc_btn3-size-md vc_btn3-shape-round vc_btn3-style-outline vc_btn3-color-theme_style_1\" href=\"https:\/\/portagent.eu\/de\/kontakt\/\" title=\"KONTAKT\">Kontakt<\/a><\/div><div class=\"vc_empty_space\"   style=\"height: 32px\"><span class=\"vc_empty_space_inner\"><\/span><\/div>\n\n<div class=\"pricing_table has_link\">\n\t<div class=\"pricing_table_wr\">\n\t\t<div class=\"header\">\n\t\t\t\t\t\t\t\t\t<div class=\"price_wr\">\n\t\t\t\t\t\t\t\t\t<div class=\"prefix\">Zolldienstleistungen und Hafenformalit\u00e4ten<\/div>\n\t\t\t\t\t\t\t\t\t\t\t\t\t\t\t<\/div>\n\t\t<\/div>\n\t\t<div class=\"content wpb_text_column\">\n\t\t\t<table>\n<tbody>\n<tr>\n<td><b>Prozedur<\/b><\/td>\n<td><b>Indikativer Preis<\/b><\/td>\n<\/tr>\n<tr>\n<td><span style=\"font-weight: 400;\">BHT<\/span><\/td>\n<td><span style=\"font-weight: 400;\">40 \u20ac<\/span><\/td>\n<\/tr>\n<tr>\n<td><span style=\"font-weight: 400;\">Container Release (exkl. Terminal Geb\u00fchren wie THC)<\/span><\/td>\n<td><span style=\"font-weight: 400;\">50 \u20ac<\/span><\/td>\n<\/tr>\n<tr>\n<td><span style=\"font-weight: 400;\">Zollfreie Verwahrung (ATB)<\/span><\/td>\n<td><span style=\"font-weight: 400;\">50 \u20ac<\/span><\/td>\n<\/tr>\n<tr>\n<td><span style=\"font-weight: 400;\">Export<\/span><\/td>\n<td><span style=\"font-weight: 400;\">100 \u20ac\u00a0<\/span><\/td>\n<\/tr>\n<tr>\n<td><span style=\"font-weight: 400;\">Import freier Verkehr<\/span><\/td>\n<td><span style=\"font-weight: 400;\">100 \u20ac\u00a0<\/span><\/td>\n<\/tr>\n<tr>\n<td><span style=\"font-weight: 400;\">Import freier Verkehr Fiskalvertretung<\/span><\/td>\n<td><span style=\"font-weight: 400;\">150 \u20ac\u00a0<\/span><\/td>\n<\/tr>\n<tr>\n<td><span style=\"font-weight: 400;\">Export passive Veredelung<\/span><\/td>\n<td><span style=\"font-weight: 400;\">120 \u20ac\u00a0<\/span><\/td>\n<\/tr>\n<tr>\n<td><span style=\"font-weight: 400;\">Import aktive Veredelung<\/span><\/td>\n<td><span style=\"font-weight: 400;\">250 \u20ac\u00a0<\/span><\/td>\n<\/tr>\n<tr>\n<td><span style=\"font-weight: 400;\">Import Umzugsgut<\/span><\/td>\n<td><span style=\"font-weight: 400;\">250 \u20ac<\/span><\/td>\n<\/tr>\n<tr>\n<td><span style=\"font-weight: 400;\">Transit T1<\/span><\/td>\n<td><span style=\"font-weight: 400;\">100 \u20ac\u00a0<\/span><\/td>\n<\/tr>\n<tr>\n<td><span style=\"font-weight: 400;\">Org. einer Zollinspektion<\/span><\/td>\n<td><span style=\"font-weight: 400;\">100 \u20ac<\/span><\/td>\n<\/tr>\n<\/tbody>\n<\/table>\n<p><span style=\"font-weight: 400;\">Zus\u00e4tzliche Formalit\u00e4ten und\/oder Zollprozeduren und entsprechende Positionen k\u00f6nnen weitere Geb\u00fchren beinhalten. Wir k\u00f6nnen Ihnen gerne ein zugeschnittenes Angebot mit den ben\u00f6tigten Formalit\u00e4ten erstellen.\u00a0<\/span><\/p>\n\t\t\t\t\t\t\t\t\t\t\t<div class=\"buy_now\">\n\t\t\t\t\t<a class=\"button icon_right\" href=\"https:\/\/portagent.eu\/de\/kontakt\/\" target=\"_self\">\n\t\t\t\t\t\tFragen Sie jetzt nach Ihrem individuellen Angebot\t\t\t\t\t\t<i class=\"stm-arrow-next\"><\/i>\n\t\t\t\t\t<\/a>\n\t\t\t\t<\/div>\n\t\t\t\t\t<\/div>\n\t<\/div>\n<\/div>\n\n<div class=\"pricing_table has_link\">\n\t<div class=\"pricing_table_wr\">\n\t\t<div class=\"header\">\n\t\t\t\t\t\t\t\t\t<div class=\"price_wr\">\n\t\t\t\t\t\t\t\t\t<div class=\"prefix\">Container \u2013 Dienstleistungen<\/div>\n\t\t\t\t\t\t\t\t\t\t\t\t\t\t\t<\/div>\n\t\t<\/div>\n\t\t<div class=\"content wpb_text_column\">\n\t\t\t<table>\n<tbody>\n<tr>\n<td><b>Dienstleistung<\/b><\/td>\n<td><b>Indikativer Preis<\/b><\/td>\n<\/tr>\n<tr>\n<td><span style=\"font-weight: 400;\">Last mile (zwischen BHV Terminal und unserem Depot)\u00a0<\/span><\/td>\n<td><span style=\"font-weight: 400;\">150 \u20ac\u00a0<\/span><\/td>\n<\/tr>\n<tr>\n<td><span style=\"font-weight: 400;\">Roundtrip BHV (terminal \u2013 warehouse \u2013 depot)<\/span><\/td>\n<td><span style=\"font-weight: 400;\">160 \u20ac<\/span><\/td>\n<\/tr>\n<tr>\n<td><span style=\"font-weight: 400;\">VGM<\/span><\/td>\n<td><span style=\"font-weight: 400;\">80 \u20ac\u00a0<\/span><\/td>\n<\/tr>\n<tr>\n<td><span style=\"font-weight: 400;\">Tempor\u00e4res Depot (pro Tag)<\/span><\/td>\n<td><span style=\"font-weight: 400;\">20 \u20ac\u00a0<\/span><\/td>\n<\/tr>\n<tr>\n<td><span style=\"font-weight: 400;\">Chassis-to-Chassis<\/span><\/td>\n<td><span style=\"font-weight: 400;\">50 \u20ac\u00a0<\/span><\/td>\n<\/tr>\n<\/tbody>\n<\/table>\n<p><span style=\"font-weight: 400;\">Preise k\u00f6nnen je nach Gr\u00f6\u00dfe und Gewicht des Containers\/Flat Racks abweichen.<\/span><\/p>\n\t\t\t\t\t\t\t\t\t\t\t<div class=\"buy_now\">\n\t\t\t\t\t<a class=\"button icon_right\" href=\"https:\/\/portagent.eu\/de\/kontakt\/\" target=\"_self\">\n\t\t\t\t\t\tFragen Sie jetzt nach Ihrem Angebot f\u00fcr Containerdienstleistungen\t\t\t\t\t\t<i class=\"stm-arrow-next\"><\/i>\n\t\t\t\t\t<\/a>\n\t\t\t\t<\/div>\n\t\t\t\t\t<\/div>\n\t<\/div>\n<\/div>\n\n<div class=\"pricing_table has_link\">\n\t<div class=\"pricing_table_wr\">\n\t\t<div class=\"header\">\n\t\t\t\t\t\t\t\t\t<div class=\"price_wr\">\n\t\t\t\t\t\t\t\t\t<div class=\"prefix\">Cargo Handling<\/div>\n\t\t\t\t\t\t\t\t\t\t\t\t\t\t\t<\/div>\n\t\t<\/div>\n\t\t<div class=\"content wpb_text_column\">\n\t\t\t<table>\n<tbody>\n<tr>\n<td><b>Dienstleistung<\/b><\/td>\n<td><b>Indikativer Preis<\/b><\/td>\n<\/tr>\n<tr>\n<td><span style=\"font-weight: 400;\">Transloading oder Cross-Docking (40ft Paletten)<\/span><\/td>\n<td><span style=\"font-weight: 400;\">480 \u20ac\u00a0<\/span><\/td>\n<\/tr>\n<tr>\n<td><span style=\"font-weight: 400;\">Transloading oder Cross-Docking (40ft Packst\u00fccke)<\/span><\/td>\n<td><span style=\"font-weight: 400;\">1200 \u20ac<\/span><\/td>\n<\/tr>\n<tr>\n<td><span style=\"font-weight: 400;\">Entladung &amp; Auslieferung (inkl. Einlagerung)<\/span><\/td>\n<td><span style=\"font-weight: 400;\">450 \u20ac<\/span><\/td>\n<\/tr>\n<tr>\n<td><span style=\"font-weight: 400;\">Export Verpackung (per 20ft)<\/span><\/td>\n<td><span style=\"font-weight: 400;\">300 \u20ac<\/span><\/td>\n<\/tr>\n<tr>\n<td><span style=\"font-weight: 400;\">Inspektion (per 20ft)<\/span><\/td>\n<td><span style=\"font-weight: 400;\">250 \u20ac<\/span><\/td>\n<\/tr>\n<tr>\n<td><span style=\"font-weight: 400;\">Einlagerung Paletten (pro Woche und qm)<\/span><\/td>\n<td><span style=\"font-weight: 400;\">6 \u20ac<\/span><\/td>\n<\/tr>\n<tr>\n<td><span style=\"font-weight: 400;\">Einlagerung Pakete (pro Tag und m3)<\/span><\/td>\n<td><span style=\"font-weight: 400;\">1,50 \u20ac\u00a0<\/span><\/td>\n<\/tr>\n<\/tbody>\n<\/table>\n<p><span style=\"font-weight: 400;\">Preise sind abh\u00e4ngig von Gesamtvolumen, Gewicht und Gr\u00f6\u00dfe sowie Beschaffenheit.<\/span><\/p>\n\t\t\t\t\t\t\t\t\t\t\t<div class=\"buy_now\">\n\t\t\t\t\t<a class=\"button icon_right\" href=\"https:\/\/portagent.eu\/de\/kontakt\/\" target=\"_self\">\n\t\t\t\t\t\tFragen Sie uns nach einem individuellen Angebot\t\t\t\t\t\t<i class=\"stm-arrow-next\"><\/i>\n\t\t\t\t\t<\/a>\n\t\t\t\t<\/div>\n\t\t\t\t\t<\/div>\n\t<\/div>\n<\/div>\n\n<div class=\"pricing_table has_link\">\n\t<div class=\"pricing_table_wr\">\n\t\t<div class=\"header\">\n\t\t\t\t\t\t\t\t\t<div class=\"price_wr\">\n\t\t\t\t\t\t\t\t\t<div class=\"prefix\">Fahrzeug \u2013 Dienstleistungen<\/div>\n\t\t\t\t\t\t\t\t\t\t\t\t\t\t\t<\/div>\n\t\t<\/div>\n\t\t<div class=\"content wpb_text_column\">\n\t\t\t<table>\n<tbody>\n<tr>\n<td><b>Dienstleistung<\/b><\/td>\n<td><b>Indikativer Preis<\/b><\/td>\n<\/tr>\n<tr>\n<td><span style=\"font-weight: 400;\">Entladung 4-Pack Container (pro Auto)<\/span><\/td>\n<td><span style=\"font-weight: 400;\">450 \u20ac\u00a0<\/span><\/td>\n<\/tr>\n<tr>\n<td><span style=\"font-weight: 400;\">Entladung 3-Pack Container (pro Auto)<\/span><\/td>\n<td><span style=\"font-weight: 400;\">450 \u20ac\u00a0<\/span><\/td>\n<\/tr>\n<tr>\n<td><span style=\"font-weight: 400;\">Entladung 2-Pack Container (pro Auto)<\/span><\/td>\n<td><span style=\"font-weight: 400;\">550 \u20ac\u00a0<\/span><\/td>\n<\/tr>\n<tr>\n<td><span style=\"font-weight: 400;\">Einlagerung (pro PKW und Tag)<\/span><\/td>\n<td><span style=\"font-weight: 400;\">7 \u20ac<\/span><\/td>\n<\/tr>\n<tr>\n<td><span style=\"font-weight: 400;\">RoRo last mile BHV (zwischen Lager und Terminal)<\/span><\/td>\n<td><span style=\"font-weight: 400;\">150 \u20ac<\/span><\/td>\n<\/tr>\n<tr>\n<td><span style=\"font-weight: 400;\">RoRo Hafengeb\u00fchren und Release<\/span><\/td>\n<td><span style=\"font-weight: 400;\">120 \u20ac<\/span><\/td>\n<\/tr>\n<tr>\n<td><span style=\"font-weight: 400;\">Inspektion<\/span><\/td>\n<td><span style=\"font-weight: 400;\">100 \u20ac<\/span><\/td>\n<\/tr>\n<\/tbody>\n<\/table>\n<p><span style=\"font-weight: 400;\">Preise abh\u00e4ngig von Auftragsvolumen.<\/span><\/p>\n\t\t\t\t\t\t\t\t\t\t\t<div class=\"buy_now\">\n\t\t\t\t\t<a class=\"button icon_right\" href=\"https:\/\/portagent.eu\/de\/kontakt\/\" target=\"_self\">\n\t\t\t\t\t\tFragen Sie uns nach einem individuellen Angebot\t\t\t\t\t\t<i class=\"stm-arrow-next\"><\/i>\n\t\t\t\t\t<\/a>\n\t\t\t\t<\/div>\n\t\t\t\t\t<\/div>\n\t<\/div>\n<\/div><\/div><\/div><\/div><\/div><div class=\"vc_row wpb_row vc_row-fluid vc_custom_1670215337716\"><div class=\"wpb_column vc_column_container vc_col-sm-12\"><div class=\"vc_column-inner\"><div class=\"wpb_wrapper\"><h2 style=\"text-align: left\" class=\"vc_custom_heading\" >Fahrzeugzoll-Rechner<\/h2><div class=\"vc_btn3-container vc_btn3-inline\" ><a class=\"vc_general vc_btn3 vc_btn3-size-md vc_btn3-shape-square vc_btn3-style-classic vc_btn3-color-primary\" href=\"https:\/\/portagent.eu\/de\/calculator\/\" title=\"Rechner\">Rechner<\/a><\/div><\/div><\/div><\/div><\/div>","protected":false},"excerpt":{"rendered":"Price list of our services Ob Sie ein Zollverfahren ben\u00f6tigen, Ihren Container umverladen m\u00f6chten oder Ihre Waren zwischenlagern wollen - unser Team bietet Ihnen eine kosteng\u00fcnstige, individuelle L\u00f6sung auf hohem Niveau. Pr\u00fcfen Sie...","protected":false},"author":1,"featured_media":0,"parent":0,"menu_order":0,"comment_status":"closed","ping_status":"closed","template":"","meta":{"_acf_changed":false,"footnotes":""},"class_list":["post-2679","page","type-page","status-publish","hentry"],"acf":[],"yoast_head":"<!-- This site is optimized with the Yoast SEO plugin v24.5 - https:\/\/yoast.com\/wordpress\/plugins\/seo\/ -->\n<title>Preisliste - Portagent<\/title>\n<meta name=\"robots\" content=\"index, follow, max-snippet:-1, max-image-preview:large, max-video-preview:-1\" \/>\n<link rel=\"canonical\" href=\"https:\/\/portagent.eu\/de\/preisliste\/\" \/>\n<meta property=\"og:locale\" content=\"de_DE\" \/>\n<meta property=\"og:type\" content=\"article\" \/>\n<meta property=\"og:title\" content=\"Preisliste - Portagent\" \/>\n<meta property=\"og:url\" content=\"https:\/\/portagent.eu\/de\/preisliste\/\" \/>\n<meta property=\"og:site_name\" content=\"Portagent\" \/>\n<meta property=\"article:publisher\" content=\"https:\/\/www.facebook.com\/portagent\" \/>\n<meta property=\"article:modified_time\" content=\"2024-12-16T17:28:34+00:00\" \/>\n<meta name=\"twitter:card\" content=\"summary_large_image\" \/>\n<meta name=\"twitter:label1\" content=\"Gesch\u00e4tzte Lesezeit\" \/>\n\t<meta name=\"twitter:data1\" content=\"2 Minuten\" \/>\n<script type=\"application\/ld+json\" class=\"yoast-schema-graph\">{\"@context\":\"https:\/\/schema.org\",\"@graph\":[{\"@type\":\"WebPage\",\"@id\":\"https:\/\/portagent.eu\/de\/preisliste\/\",\"url\":\"https:\/\/portagent.eu\/de\/preisliste\/\",\"name\":\"Preisliste - Portagent\",\"isPartOf\":{\"@id\":\"https:\/\/portagent.eu\/de\/#website\"},\"datePublished\":\"2023-04-07T18:26:26+00:00\",\"dateModified\":\"2024-12-16T17:28:34+00:00\",\"breadcrumb\":{\"@id\":\"https:\/\/portagent.eu\/de\/preisliste\/#breadcrumb\"},\"inLanguage\":\"de-AT\",\"potentialAction\":[{\"@type\":\"ReadAction\",\"target\":[\"https:\/\/portagent.eu\/de\/preisliste\/\"]}]},{\"@type\":\"BreadcrumbList\",\"@id\":\"https:\/\/portagent.eu\/de\/preisliste\/#breadcrumb\",\"itemListElement\":[{\"@type\":\"ListItem\",\"position\":1,\"name\":\"Home\",\"item\":\"https:\/\/portagent.eu\/de\/\"},{\"@type\":\"ListItem\",\"position\":2,\"name\":\"Preisliste\"}]},{\"@type\":\"WebSite\",\"@id\":\"https:\/\/portagent.eu\/de\/#website\",\"url\":\"https:\/\/portagent.eu\/de\/\",\"name\":\"Portagent\",\"description\":\"COMPETENCE &amp; PARTNERSHIP in port logistics and customs clearence\",\"publisher\":{\"@id\":\"https:\/\/portagent.eu\/de\/#organization\"},\"potentialAction\":[{\"@type\":\"SearchAction\",\"target\":{\"@type\":\"EntryPoint\",\"urlTemplate\":\"https:\/\/portagent.eu\/de\/?s={search_term_string}\"},\"query-input\":{\"@type\":\"PropertyValueSpecification\",\"valueRequired\":true,\"valueName\":\"search_term_string\"}}],\"inLanguage\":\"de-AT\"},{\"@type\":\"Organization\",\"@id\":\"https:\/\/portagent.eu\/de\/#organization\",\"name\":\"Portagent\",\"url\":\"https:\/\/portagent.eu\/de\/\",\"logo\":{\"@type\":\"ImageObject\",\"inLanguage\":\"de-AT\",\"@id\":\"https:\/\/portagent.eu\/de\/#\/schema\/logo\/image\/\",\"url\":\"https:\/\/portagent.eu\/wp-content\/uploads\/2023\/02\/portagent_logo.png\",\"contentUrl\":\"https:\/\/portagent.eu\/wp-content\/uploads\/2023\/02\/portagent_logo.png\",\"width\":411,\"height\":123,\"caption\":\"Portagent\"},\"image\":{\"@id\":\"https:\/\/portagent.eu\/de\/#\/schema\/logo\/image\/\"},\"sameAs\":[\"https:\/\/www.facebook.com\/portagent\",\"https:\/\/www.linkedin.com\/company\/portagent\/?originalSubdomain=de\",\"https:\/\/www.instagram.com\/portagent\"]}]}<\/script>\n<!-- \/ Yoast SEO plugin. -->","yoast_head_json":{"title":"Preisliste - Portagent","robots":{"index":"index","follow":"follow","max-snippet":"max-snippet:-1","max-image-preview":"max-image-preview:large","max-video-preview":"max-video-preview:-1"},"canonical":"https:\/\/portagent.eu\/de\/preisliste\/","og_locale":"de_DE","og_type":"article","og_title":"Preisliste - Portagent","og_url":"https:\/\/portagent.eu\/de\/preisliste\/","og_site_name":"Portagent","article_publisher":"https:\/\/www.facebook.com\/portagent","article_modified_time":"2024-12-16T17:28:34+00:00","twitter_card":"summary_large_image","twitter_misc":{"Gesch\u00e4tzte Lesezeit":"2 Minuten"},"schema":{"@context":"https:\/\/schema.org","@graph":[{"@type":"WebPage","@id":"https:\/\/portagent.eu\/de\/preisliste\/","url":"https:\/\/portagent.eu\/de\/preisliste\/","name":"Preisliste - Portagent","isPartOf":{"@id":"https:\/\/portagent.eu\/de\/#website"},"datePublished":"2023-04-07T18:26:26+00:00","dateModified":"2024-12-16T17:28:34+00:00","breadcrumb":{"@id":"https:\/\/portagent.eu\/de\/preisliste\/#breadcrumb"},"inLanguage":"de-AT","potentialAction":[{"@type":"ReadAction","target":["https:\/\/portagent.eu\/de\/preisliste\/"]}]},{"@type":"BreadcrumbList","@id":"https:\/\/portagent.eu\/de\/preisliste\/#breadcrumb","itemListElement":[{"@type":"ListItem","position":1,"name":"Home","item":"https:\/\/portagent.eu\/de\/"},{"@type":"ListItem","position":2,"name":"Preisliste"}]},{"@type":"WebSite","@id":"https:\/\/portagent.eu\/de\/#website","url":"https:\/\/portagent.eu\/de\/","name":"Portagent","description":"COMPETENCE &amp; PARTNERSHIP in port logistics and customs clearence","publisher":{"@id":"https:\/\/portagent.eu\/de\/#organization"},"potentialAction":[{"@type":"SearchAction","target":{"@type":"EntryPoint","urlTemplate":"https:\/\/portagent.eu\/de\/?s={search_term_string}"},"query-input":{"@type":"PropertyValueSpecification","valueRequired":true,"valueName":"search_term_string"}}],"inLanguage":"de-AT"},{"@type":"Organization","@id":"https:\/\/portagent.eu\/de\/#organization","name":"Portagent","url":"https:\/\/portagent.eu\/de\/","logo":{"@type":"ImageObject","inLanguage":"de-AT","@id":"https:\/\/portagent.eu\/de\/#\/schema\/logo\/image\/","url":"https:\/\/portagent.eu\/wp-content\/uploads\/2023\/02\/portagent_logo.png","contentUrl":"https:\/\/portagent.eu\/wp-content\/uploads\/2023\/02\/portagent_logo.png","width":411,"height":123,"caption":"Portagent"},"image":{"@id":"https:\/\/portagent.eu\/de\/#\/schema\/logo\/image\/"},"sameAs":["https:\/\/www.facebook.com\/portagent","https:\/\/www.linkedin.com\/company\/portagent\/?originalSubdomain=de","https:\/\/www.instagram.com\/portagent"]}]}},"jetpack_sharing_enabled":true,"_links":{"self":[{"href":"https:\/\/portagent.eu\/de\/wp-json\/wp\/v2\/pages\/2679"}],"collection":[{"href":"https:\/\/portagent.eu\/de\/wp-json\/wp\/v2\/pages"}],"about":[{"href":"https:\/\/portagent.eu\/de\/wp-json\/wp\/v2\/types\/page"}],"author":[{"embeddable":true,"href":"https:\/\/portagent.eu\/de\/wp-json\/wp\/v2\/users\/1"}],"replies":[{"embeddable":true,"href":"https:\/\/portagent.eu\/de\/wp-json\/wp\/v2\/comments?post=2679"}],"version-history":[{"count":7,"href":"https:\/\/portagent.eu\/de\/wp-json\/wp\/v2\/pages\/2679\/revisions"}],"predecessor-version":[{"id":2713,"href":"https:\/\/portagent.eu\/de\/wp-json\/wp\/v2\/pages\/2679\/revisions\/2713"}],"wp:attachment":[{"href":"https:\/\/portagent.eu\/de\/wp-json\/wp\/v2\/media?parent=2679"}],"curies":[{"name":"wp","href":"https:\/\/api.w.org\/{rel}","templated":true}]}}