{"id":2639,"date":"2023-04-07T13:09:21","date_gmt":"2023-04-07T11:09:21","guid":{"rendered":"https:\/\/52.57.207.78\/?page_id=2639"},"modified":"2025-07-30T19:40:15","modified_gmt":"2025-07-30T17:40:15","slug":"standard-importprozeduren","status":"publish","type":"page","link":"https:\/\/portagent.eu\/de\/zolldienstleistungen\/standard-importprozeduren\/","title":{"rendered":"Standard-Importprozeduren"},"content":{"rendered":"<div class=\"vc_row wpb_row vc_row-fluid mb-5 vc_custom_1735474352708\"><div class=\"wpb_column vc_column_container vc_col-sm-6\"><div class=\"vc_column-inner\"><div class=\"wpb_wrapper\"><h2 style=\"font-size: 25px;line-height: 1.2;text-align: left\" class=\"vc_custom_heading\" >Wir navigieren Ihre Ladung einfach durch die Einfuhr und \u00fcberf\u00fchren Ihre Waren in den freien Verkehr.<\/h2><\/div><\/div><\/div><div class=\"mt-3 wpb_column vc_column_container vc_col-sm-6\"><div class=\"vc_column-inner\"><div class=\"wpb_wrapper\">\n\t<div  class=\"wpb_single_image wpb_content_element vc_align_center\">\n\t\t\n\t\t<figure class=\"wpb_wrapper vc_figure\">\n\t\t\t<div class=\"vc_single_image-wrapper   vc_box_border_grey\"><img loading=\"lazy\" decoding=\"async\" width=\"1024\" height=\"707\" src=\"https:\/\/portagent.eu\/wp-content\/uploads\/2023\/02\/Homepage-1st-banner-Shipping-1024x707.jpg\" class=\"vc_single_image-img attachment-large\" alt=\"\" srcset=\"https:\/\/portagent.eu\/wp-content\/uploads\/2023\/02\/Homepage-1st-banner-Shipping-1024x707.jpg 1024w, https:\/\/portagent.eu\/wp-content\/uploads\/2023\/02\/Homepage-1st-banner-Shipping-300x207.jpg 300w, https:\/\/portagent.eu\/wp-content\/uploads\/2023\/02\/Homepage-1st-banner-Shipping-768x530.jpg 768w, https:\/\/portagent.eu\/wp-content\/uploads\/2023\/02\/Homepage-1st-banner-Shipping-18x12.jpg 18w, https:\/\/portagent.eu\/wp-content\/uploads\/2023\/02\/Homepage-1st-banner-Shipping.jpg 1460w\" sizes=\"(max-width: 1024px) 100vw, 1024px\" \/><\/div>\n\t\t<\/figure>\n\t<\/div>\n<\/div><\/div><\/div><\/div><div class=\"vc_row wpb_row vc_row-fluid mb-5\"><div class=\"wpb_column vc_column_container vc_col-sm-12\"><div class=\"vc_column-inner\"><div class=\"wpb_wrapper\"><div class=\"vc_tta-container\" data-vc-action=\"collapseAll\"><div class=\"vc_general vc_tta vc_tta-accordion vc_tta-color-theme_style vc_tta-style-outline vc_tta-shape-square vc_tta-o-shape-group vc_tta-controls-align-left vc_tta-o-no-fill vc_tta-o-all-clickable\"><div class=\"vc_tta-panels-container\"><div class=\"vc_tta-panels\"><div class=\"vc_tta-panel vc_active\" id=\"1674550604120-9a5b34c2-3a21\" data-vc-content=\".vc_tta-panel-body\"><div class=\"vc_tta-panel-heading\"><h4 class=\"vc_tta-panel-title vc_tta-controls-icon-position-right\"><a href=\"#1674550604120-9a5b34c2-3a21\" data-vc-accordion data-vc-container=\".vc_tta-container\"><span class=\"vc_tta-title-text\">Zielgruppe<\/span><i class=\"vc_tta-controls-icon vc_tta-controls-icon-chevron\"><\/i><\/a><\/h4><\/div><div class=\"vc_tta-panel-body\">\n\t<div class=\"wpb_text_column wpb_content_element\" >\n\t\t<div class=\"wpb_wrapper\">\n\t\t\t<p><span style=\"font-weight: 400; color: #000;\">Dieses Verfahren richtet sich an Firmen mit einem Sitz innerhalb des Landes des Ankunftshafens und Privatpersonen innerhalb der gesamten EU. Nach Zahlung der Einfuhrabgaben, kann frei \u00fcber die Waren, oder Fahrzeuge verf\u00fcgt werden.<\/span><\/p>\n\n\t\t<\/div>\n\t<\/div>\n<\/div><\/div><div class=\"vc_tta-panel\" id=\"1674550604131-cc042048-0a98\" data-vc-content=\".vc_tta-panel-body\"><div class=\"vc_tta-panel-heading\"><h4 class=\"vc_tta-panel-title vc_tta-controls-icon-position-right\"><a href=\"#1674550604131-cc042048-0a98\" data-vc-accordion data-vc-container=\".vc_tta-container\"><span class=\"vc_tta-title-text\">Rechtsgrundlage<\/span><i class=\"vc_tta-controls-icon vc_tta-controls-icon-chevron\"><\/i><\/a><\/h4><\/div><div class=\"vc_tta-panel-body\">\n\t<div class=\"wpb_text_column wpb_content_element\" >\n\t\t<div class=\"wpb_wrapper\">\n\t\t\t<p><span style=\"font-weight: 400; color: #000;\">Waren welche von Au\u00dferhalb der EU eingef\u00fchrt werden, m\u00fcssen innerhalb einer bestimmten Frist ein Zolleinfuhrverfahren durchlaufen. Das Ziel dieses Verfahrens ist die \u00fcberf\u00fchrung in den freien Warenverkehr. Dies ist n\u00f6tig wenn die Waren permanent im Zollgrenzgebiet der EU verbleiben sollen. Es kann davon ausgegangen werden, dass Zoll- und Steuerabgaben abgef\u00fchrt werden m\u00fcssen, um das Einfuhrverfahren abzuschlie\u00dfen.<\/span><\/p>\n\n\t\t<\/div>\n\t<\/div>\n<\/div><\/div><div class=\"vc_tta-panel\" id=\"1674550716765-d74eb5a0-e1ee\" data-vc-content=\".vc_tta-panel-body\"><div class=\"vc_tta-panel-heading\"><h4 class=\"vc_tta-panel-title vc_tta-controls-icon-position-right\"><a href=\"#1674550716765-d74eb5a0-e1ee\" data-vc-accordion data-vc-container=\".vc_tta-container\"><span class=\"vc_tta-title-text\">Voraussetzungen<\/span><i class=\"vc_tta-controls-icon vc_tta-controls-icon-chevron\"><\/i><\/a><\/h4><\/div><div class=\"vc_tta-panel-body\">\n\t<div class=\"wpb_text_column wpb_content_element\" >\n\t\t<div class=\"wpb_wrapper\">\n\t\t\t<p><span style=\"font-weight: 400; color: #000;\">Der Kunde ist in der EU ans\u00e4ssig und hat die n\u00f6tigen Dokumente u.a.:<\/span><\/p>\n<ol>\n<li style=\"font-weight: 400; color: #000;\" aria-level=\"1\"><span style=\"font-weight: 400; color: #000;\">Frachtbrief\u00a0<\/span><\/li>\n<li style=\"font-weight: 400; color: #000;\" aria-level=\"1\"><span style=\"font-weight: 400; color: #000;\">Rechnung mit Kaufvertrag und nennung der internationalen Handelsklauseln (Incoterms), sowie, wenn n\u00f6tig, eine Frachtkostenrechnung\u00a0<\/span><\/li>\n<li style=\"font-weight: 400; color: #000;\" aria-level=\"1\"><span style=\"font-weight: 400;\">Handlungsvollmacht<\/span><\/li>\n<li style=\"font-weight: 400; color: #000;\" aria-level=\"1\"><span style=\"font-weight: 400; color: #000;\">Sonstige unterst\u00fctzende Dokumente z.B.: Ladeliste, oder Fahrzeugbrief<\/span><\/li>\n<\/ol>\n\n\t\t<\/div>\n\t<\/div>\n<\/div><\/div><\/div><\/div><\/div><\/div><\/div><\/div><\/div><\/div><div data-vc-full-width=\"true\" data-vc-full-width-init=\"false\" class=\"vc_row wpb_row vc_row-fluid mb-0 pb-0 vc_custom_1735474592429\"><div class=\"wpb_column vc_column_container vc_col-sm-12\"><div class=\"vc_column-inner\"><div class=\"wpb_wrapper\">\n\t<div class=\"vc_services_grid cols_3\">\n\t\t\t\t\t<div class=\"item\">\n\t\t\t\t<div class=\"item_wr\">\n\t\t\t\t\t\t\t\t\t\t\t\n\t\t\t\t\t\t<div class=\"item_thumbnail\">\n\t\t\t\t\t\t\t<a href=\"https:\/\/portagent.eu\/de\/services\/import-2\/\">\n\t\t\t\t\t\t\t\t<img loading=\"lazy\" decoding=\"async\" class=\"\" src=\"https:\/\/portagent.eu\/wp-content\/uploads\/2024\/10\/Sometimes-the-most-productive-thing-you-can-do-is-relax-Facebook-Post-Landscape-min-1-1-jpg-1-350x220.webp\" width=\"350\" height=\"220\" alt=\"Sometimes the most productive thing you can do is relax Facebook Post Landscape min 1 1 jpg\" title=\"Sometimes the most productive thing you can do is relax Facebook Post Landscape min 1 1 jpg\" \/>\t\t\t\t\t\t\t<\/a>\n\t\t\t\t\t\t<\/div>\n\t\t\t\t\t\t\t\t\t\t<div class=\"content\">\n\t\t\t\t\t\t<h6><a href=\"https:\/\/portagent.eu\/de\/services\/import-2\/\">Import<\/a><\/h6>\n\t\t\t\t\t\t<p>Hier bei Portagent Wissen wir um die Bedeutung von Geschwindigkeit und Kosteneffektivit\u00e4t. <\/p>\n\t\t\t\t\t\t<a href=\"https:\/\/portagent.eu\/de\/services\/import-2\/\" class=\"read_more\"><em>read more<\/em><span>&rarr;<\/span><\/a>\n\t\t\t\t\t<\/div>\n\t\t\t\t<\/div>\n\t\t\t<\/div>\n\t\t\t\t\t<div class=\"item\">\n\t\t\t\t<div class=\"item_wr\">\n\t\t\t\t\t\t\t\t\t\t\t\n\t\t\t\t\t\t<div class=\"item_thumbnail\">\n\t\t\t\t\t\t\t<a href=\"https:\/\/portagent.eu\/de\/services\/export-2\/\">\n\t\t\t\t\t\t\t\t<img loading=\"lazy\" decoding=\"async\" class=\"\" src=\"https:\/\/portagent.eu\/wp-content\/uploads\/2024\/10\/BannerV1_46-350x220.webp\" width=\"350\" height=\"220\" alt=\"BannerV1 46\" title=\"BannerV1 46\" \/>\t\t\t\t\t\t\t<\/a>\n\t\t\t\t\t\t<\/div>\n\t\t\t\t\t\t\t\t\t\t<div class=\"content\">\n\t\t\t\t\t\t<h6><a href=\"https:\/\/portagent.eu\/de\/services\/export-2\/\">Export<\/a><\/h6>\n\t\t\t\t\t\t<p>Wir unterst\u00fctzen Sie beim Ausbau Ihres Exportgesch\u00e4fts. Wir bieten fachm\u00e4nnischen Service in Sachen.<\/p>\n\t\t\t\t\t\t<a href=\"https:\/\/portagent.eu\/de\/services\/export-2\/\" class=\"read_more\"><em>read more<\/em><span>&rarr;<\/span><\/a>\n\t\t\t\t\t<\/div>\n\t\t\t\t<\/div>\n\t\t\t<\/div>\n\t\t\t\t\t<div class=\"item\">\n\t\t\t\t<div class=\"item_wr\">\n\t\t\t\t\t\t\t\t\t\t\t\n\t\t\t\t\t\t<div class=\"item_thumbnail\">\n\t\t\t\t\t\t\t<a href=\"https:\/\/portagent.eu\/de\/services\/transit-2\/\">\n\t\t\t\t\t\t\t\t<img loading=\"lazy\" decoding=\"async\" class=\"\" src=\"https:\/\/portagent.eu\/wp-content\/uploads\/2023\/04\/Import-special-procedures-Active-_-Passive-refining-1-jpg-350x220.webp\" width=\"350\" height=\"220\" alt=\"Import special procedures Active Passive refining 1\" title=\"Import special procedures Active Passive refining 1\" \/>\t\t\t\t\t\t\t<\/a>\n\t\t\t\t\t\t<\/div>\n\t\t\t\t\t\t\t\t\t\t<div class=\"content\">\n\t\t\t\t\t\t<h6><a href=\"https:\/\/portagent.eu\/de\/services\/transit-2\/\">Transit<\/a><\/h6>\n\t\t\t\t\t\t<p>Nach der Einfuhr von G\u00fctern m\u00fcssen diese normalerweise Einfurverfahren durchlaufen. Dieses wird<\/p>\n\t\t\t\t\t\t<a href=\"https:\/\/portagent.eu\/de\/services\/transit-2\/\" class=\"read_more\"><em>read more<\/em><span>&rarr;<\/span><\/a>\n\t\t\t\t\t<\/div>\n\t\t\t\t<\/div>\n\t\t\t<\/div>\n\t\t\t<\/div>\n<\/div><\/div><\/div><\/div><div class=\"vc_row-full-width\"><\/div><div class=\"vc_row wpb_row vc_row-fluid vc_custom_1669186652729\"><div class=\"wpb_column vc_column_container vc_col-sm-6\"><div class=\"vc_column-inner\"><div class=\"wpb_wrapper\"><section class=\"vc_cta3-container\"><div class=\"vc_general vc_cta3 px-0 vc_cta3-style-classic vc_cta3-shape-rounded vc_cta3-align-left vc_cta3-color-black vc_cta3-icon-size-md vc_cta3-actions-bottom vc_custom_1735474447742\"><div class=\"vc_cta3_content-container\"><div class=\"vc_cta3-content\"><header class=\"vc_cta3-content-header\"><h2>Klicken Sie hier f\u00fcr professionelle Unterst\u00fctzung um Ihre Ladung einfach durch die Einfuhr zu navigieren.<\/h2><\/header><\/div><div class=\"vc_cta3-actions\"><div class=\"vc_btn3-container vc_btn3-inline\" ><a style=\"background-color:#34ccff; color:#ffffff;\" class=\"vc_general vc_btn3 vc_btn3-size-md vc_btn3-shape-round vc_btn3-style-custom\" href=\"https:\/\/portagent.eu\/de\/kontakt\/\" title=\"KONTAKT\">Kontaktieren Sie uns jetzt<\/a><\/div><\/div><\/div><\/div><\/section><\/div><\/div><\/div><div class=\"wpb_column vc_column_container vc_col-sm-6\"><div class=\"vc_column-inner\"><div class=\"wpb_wrapper\">\n\t<div  class=\"wpb_single_image wpb_content_element vc_align_left\">\n\t\t\n\t\t<figure class=\"wpb_wrapper vc_figure\">\n\t\t\t<div class=\"vc_single_image-wrapper   vc_box_border_grey\"><img loading=\"lazy\" decoding=\"async\" width=\"2560\" height=\"2091\" src=\"https:\/\/portagent.eu\/wp-content\/uploads\/2025\/07\/Image_Set1_Portagent__6_von_96-1-scaled.webp\" class=\"vc_single_image-img attachment-full\" alt=\"Image Set1 Portagent (6 von 96)\" srcset=\"https:\/\/portagent.eu\/wp-content\/uploads\/2025\/07\/Image_Set1_Portagent__6_von_96-1-scaled.webp 2560w, https:\/\/portagent.eu\/wp-content\/uploads\/2025\/07\/Image_Set1_Portagent__6_von_96-1-300x245.webp 300w, https:\/\/portagent.eu\/wp-content\/uploads\/2025\/07\/Image_Set1_Portagent__6_von_96-1-1024x836.webp 1024w, https:\/\/portagent.eu\/wp-content\/uploads\/2025\/07\/Image_Set1_Portagent__6_von_96-1-768x627.webp 768w, https:\/\/portagent.eu\/wp-content\/uploads\/2025\/07\/Image_Set1_Portagent__6_von_96-1-1536x1254.webp 1536w, https:\/\/portagent.eu\/wp-content\/uploads\/2025\/07\/Image_Set1_Portagent__6_von_96-1-2048x1673.webp 2048w, https:\/\/portagent.eu\/wp-content\/uploads\/2025\/07\/Image_Set1_Portagent__6_von_96-1-15x12.webp 15w\" sizes=\"(max-width: 2560px) 100vw, 2560px\" \/><\/div>\n\t\t<\/figure>\n\t<\/div>\n<\/div><\/div><\/div><\/div><div data-vc-full-width=\"true\" data-vc-full-width-init=\"false\" data-vc-stretch-content=\"true\" class=\"vc_row wpb_row vc_row-fluid mobile_unset_padding_left mobile_unset_padding_right vc_custom_1735474480203 vc_column-gap-20 vc_row-o-equal-height vc_row-flex\"><div class=\"wpb_column vc_column_container vc_col-sm-4 vc_col-has-fill\"><div class=\"vc_column-inner vc_custom_1669188410081\"><div class=\"wpb_wrapper\">\n\t<div  class=\"wpb_single_image wpb_content_element vc_align_center\">\n\t\t\n\t\t<figure class=\"wpb_wrapper vc_figure\">\n\t\t\t<div class=\"vc_single_image-wrapper   vc_box_border_grey\"><img loading=\"lazy\" decoding=\"async\" width=\"150\" height=\"150\" src=\"https:\/\/portagent.eu\/wp-content\/uploads\/2023\/01\/Untitled-design-4-150x150.png\" class=\"vc_single_image-img attachment-thumbnail\" alt=\"\" srcset=\"https:\/\/portagent.eu\/wp-content\/uploads\/2023\/01\/Untitled-design-4-150x150.png 150w, https:\/\/portagent.eu\/wp-content\/uploads\/2023\/01\/Untitled-design-4-300x300.png 300w, https:\/\/portagent.eu\/wp-content\/uploads\/2023\/01\/Untitled-design-4-1024x1024.png 1024w, https:\/\/portagent.eu\/wp-content\/uploads\/2023\/01\/Untitled-design-4-768x768.png 768w, https:\/\/portagent.eu\/wp-content\/uploads\/2023\/01\/Untitled-design-4-1536x1536.png 1536w, https:\/\/portagent.eu\/wp-content\/uploads\/2023\/01\/Untitled-design-4-2048x2048.png 2048w, https:\/\/portagent.eu\/wp-content\/uploads\/2023\/01\/Untitled-design-4-12x12.png 12w, https:\/\/portagent.eu\/wp-content\/uploads\/2023\/01\/Untitled-design-4-130x130.png 130w, https:\/\/portagent.eu\/wp-content\/uploads\/2023\/01\/Untitled-design-4-40x40.png 40w\" sizes=\"(max-width: 150px) 100vw, 150px\" \/><\/div>\n\t\t<\/figure>\n\t<\/div>\n\n\t<div class=\"wpb_text_column wpb_content_element  white\" >\n\t\t<div class=\"wpb_wrapper\">\n\t\t\t<h4 style=\"text-align: center;\"><span style=\"font-weight: 400;\">Strategischer Standort<\/span><\/h4>\n<p style=\"text-align: center;\"><span style=\"font-weight: 400;\">\u00a0Wir sitzen in unmittelbarer N\u00e4he zum Zollamt und stehen im st\u00e4ndigen Kontakt mit den dortigen Beh\u00f6rden.<\/span><\/p>\n\n\t\t<\/div>\n\t<\/div>\n<\/div><\/div><\/div><div class=\"wpb_column vc_column_container vc_col-sm-4 vc_col-has-fill\"><div class=\"vc_column-inner vc_custom_1674652422537\"><div class=\"wpb_wrapper\"><div class=\"vc_empty_space\"   style=\"height: 20px\"><span class=\"vc_empty_space_inner\"><\/span><\/div>\n\t<div  class=\"wpb_single_image wpb_content_element vc_align_center\">\n\t\t\n\t\t<figure class=\"wpb_wrapper vc_figure\">\n\t\t\t<div class=\"vc_single_image-wrapper   vc_box_border_grey\"><img loading=\"lazy\" decoding=\"async\" width=\"100\" height=\"100\" src=\"https:\/\/portagent.eu\/wp-content\/uploads\/2022\/11\/automated-process-1-1.png\" class=\"vc_single_image-img attachment-thumbnail\" alt=\"\" srcset=\"https:\/\/portagent.eu\/wp-content\/uploads\/2022\/11\/automated-process-1-1.png 100w, https:\/\/portagent.eu\/wp-content\/uploads\/2022\/11\/automated-process-1-1-40x40.png 40w\" sizes=\"(max-width: 100px) 100vw, 100px\" \/><\/div>\n\t\t<\/figure>\n\t<\/div>\n<div class=\"vc_empty_space\"   style=\"height: 10px\"><span class=\"vc_empty_space_inner\"><\/span><\/div>\n\t<div class=\"wpb_text_column wpb_content_element  white\" >\n\t\t<div class=\"wpb_wrapper\">\n\t\t\t<h4 style=\"text-align: center;\"><span style=\"font-weight: 400;\">Automatisierte Prozesse<\/span><\/h4>\n<p style=\"text-align: center;\"><span style=\"font-weight: 400;\">\u00a0Unsere Abfertigungsprozesse sind digitalisiert und erlauben Ihnen somit jederzeit Einblick und Zugriff \u00fcber unser Webportal.<\/span><\/p>\n\n\t\t<\/div>\n\t<\/div>\n<\/div><\/div><\/div><div class=\"wpb_column vc_column_container vc_col-sm-4 vc_col-has-fill\"><div class=\"vc_column-inner vc_custom_1674652444542\"><div class=\"wpb_wrapper\">\n\t<div  class=\"wpb_single_image wpb_content_element vc_align_center\">\n\t\t\n\t\t<figure class=\"wpb_wrapper vc_figure\">\n\t\t\t<div class=\"vc_single_image-wrapper   vc_box_border_grey\"><img loading=\"lazy\" decoding=\"async\" width=\"150\" height=\"150\" src=\"https:\/\/portagent.eu\/wp-content\/uploads\/2023\/01\/Untitled-design-5-150x150.png\" class=\"vc_single_image-img attachment-thumbnail\" alt=\"\" srcset=\"https:\/\/portagent.eu\/wp-content\/uploads\/2023\/01\/Untitled-design-5-150x150.png 150w, https:\/\/portagent.eu\/wp-content\/uploads\/2023\/01\/Untitled-design-5-300x300.png 300w, https:\/\/portagent.eu\/wp-content\/uploads\/2023\/01\/Untitled-design-5-1024x1024.png 1024w, https:\/\/portagent.eu\/wp-content\/uploads\/2023\/01\/Untitled-design-5-768x768.png 768w, https:\/\/portagent.eu\/wp-content\/uploads\/2023\/01\/Untitled-design-5-1536x1536.png 1536w, https:\/\/portagent.eu\/wp-content\/uploads\/2023\/01\/Untitled-design-5-2048x2048.png 2048w, https:\/\/portagent.eu\/wp-content\/uploads\/2023\/01\/Untitled-design-5-12x12.png 12w, https:\/\/portagent.eu\/wp-content\/uploads\/2023\/01\/Untitled-design-5-130x130.png 130w, https:\/\/portagent.eu\/wp-content\/uploads\/2023\/01\/Untitled-design-5-40x40.png 40w\" sizes=\"(max-width: 150px) 100vw, 150px\" \/><\/div>\n\t\t<\/figure>\n\t<\/div>\n\n\t<div class=\"wpb_text_column wpb_content_element  white\" >\n\t\t<div class=\"wpb_wrapper\">\n\t\t\t<h4 style=\"text-align: center;\"><span style=\"font-weight: 400;\">Unser Fachpersonal<\/span><\/h4>\n<p style=\"text-align: center;\"><span style=\"font-weight: 400;\">Durch regelm\u00e4\u00dfige Fortbildungen und Wissenstransfer zu unseren Partnerunternehmen investieren wir laufend in unsere Fachkompetenz.<\/span><\/p>\n\n\t\t<\/div>\n\t<\/div>\n<\/div><\/div><\/div><\/div><div class=\"vc_row-full-width\"><\/div>","protected":false},"excerpt":{"rendered":"Beschleunigen Sie Ihre Lieferketten\u00a0 mit der Nutzung von Transitverfahren.","protected":false},"author":3,"featured_media":0,"parent":2595,"menu_order":0,"comment_status":"closed","ping_status":"closed","template":"","meta":{"_acf_changed":false,"footnotes":""},"class_list":["post-2639","page","type-page","status-publish","hentry"],"acf":[],"yoast_head":"<!-- This site is optimized with the Yoast SEO plugin v24.5 - https:\/\/yoast.com\/wordpress\/plugins\/seo\/ -->\n<title>Standard-Importprozeduren - Portagent<\/title>\n<meta name=\"robots\" content=\"index, follow, max-snippet:-1, max-image-preview:large, max-video-preview:-1\" \/>\n<link rel=\"canonical\" href=\"https:\/\/portagent.eu\/de\/zolldienstleistungen\/standard-importprozeduren\/\" \/>\n<meta property=\"og:locale\" content=\"de_DE\" \/>\n<meta property=\"og:type\" content=\"article\" \/>\n<meta property=\"og:title\" content=\"Standard-Importprozeduren - Portagent\" \/>\n<meta property=\"og:url\" content=\"https:\/\/portagent.eu\/de\/zolldienstleistungen\/standard-importprozeduren\/\" \/>\n<meta property=\"og:site_name\" content=\"Portagent\" \/>\n<meta property=\"article:publisher\" content=\"https:\/\/www.facebook.com\/portagent\" \/>\n<meta property=\"article:modified_time\" content=\"2025-07-30T17:40:15+00:00\" \/>\n<meta name=\"twitter:card\" content=\"summary_large_image\" \/>\n<meta name=\"twitter:label1\" content=\"Gesch\u00e4tzte Lesezeit\" \/>\n\t<meta name=\"twitter:data1\" content=\"3 Minuten\" \/>\n<script type=\"application\/ld+json\" class=\"yoast-schema-graph\">{\"@context\":\"https:\/\/schema.org\",\"@graph\":[{\"@type\":\"WebPage\",\"@id\":\"https:\/\/portagent.eu\/de\/zolldienstleistungen\/standard-importprozeduren\/\",\"url\":\"https:\/\/portagent.eu\/de\/zolldienstleistungen\/standard-importprozeduren\/\",\"name\":\"Standard-Importprozeduren - Portagent\",\"isPartOf\":{\"@id\":\"https:\/\/portagent.eu\/de\/#website\"},\"datePublished\":\"2023-04-07T11:09:21+00:00\",\"dateModified\":\"2025-07-30T17:40:15+00:00\",\"breadcrumb\":{\"@id\":\"https:\/\/portagent.eu\/de\/zolldienstleistungen\/standard-importprozeduren\/#breadcrumb\"},\"inLanguage\":\"de-AT\",\"potentialAction\":[{\"@type\":\"ReadAction\",\"target\":[\"https:\/\/portagent.eu\/de\/zolldienstleistungen\/standard-importprozeduren\/\"]}]},{\"@type\":\"BreadcrumbList\",\"@id\":\"https:\/\/portagent.eu\/de\/zolldienstleistungen\/standard-importprozeduren\/#breadcrumb\",\"itemListElement\":[{\"@type\":\"ListItem\",\"position\":1,\"name\":\"Home\",\"item\":\"https:\/\/portagent.eu\/de\/\"},{\"@type\":\"ListItem\",\"position\":2,\"name\":\"Zolldienstleistungen\",\"item\":\"https:\/\/portagent.eu\/de\/zolldienstleistungen\/\"},{\"@type\":\"ListItem\",\"position\":3,\"name\":\"Standard-Importprozeduren\"}]},{\"@type\":\"WebSite\",\"@id\":\"https:\/\/portagent.eu\/de\/#website\",\"url\":\"https:\/\/portagent.eu\/de\/\",\"name\":\"Portagent\",\"description\":\"COMPETENCE &amp; PARTNERSHIP in port logistics and customs clearence\",\"publisher\":{\"@id\":\"https:\/\/portagent.eu\/de\/#organization\"},\"potentialAction\":[{\"@type\":\"SearchAction\",\"target\":{\"@type\":\"EntryPoint\",\"urlTemplate\":\"https:\/\/portagent.eu\/de\/?s={search_term_string}\"},\"query-input\":{\"@type\":\"PropertyValueSpecification\",\"valueRequired\":true,\"valueName\":\"search_term_string\"}}],\"inLanguage\":\"de-AT\"},{\"@type\":\"Organization\",\"@id\":\"https:\/\/portagent.eu\/de\/#organization\",\"name\":\"Portagent\",\"url\":\"https:\/\/portagent.eu\/de\/\",\"logo\":{\"@type\":\"ImageObject\",\"inLanguage\":\"de-AT\",\"@id\":\"https:\/\/portagent.eu\/de\/#\/schema\/logo\/image\/\",\"url\":\"https:\/\/portagent.eu\/wp-content\/uploads\/2023\/02\/portagent_logo.png\",\"contentUrl\":\"https:\/\/portagent.eu\/wp-content\/uploads\/2023\/02\/portagent_logo.png\",\"width\":411,\"height\":123,\"caption\":\"Portagent\"},\"image\":{\"@id\":\"https:\/\/portagent.eu\/de\/#\/schema\/logo\/image\/\"},\"sameAs\":[\"https:\/\/www.facebook.com\/portagent\",\"https:\/\/www.linkedin.com\/company\/portagent\/?originalSubdomain=de\",\"https:\/\/www.instagram.com\/portagent\"]}]}<\/script>\n<!-- \/ Yoast SEO plugin. -->","yoast_head_json":{"title":"Standard-Importprozeduren - Portagent","robots":{"index":"index","follow":"follow","max-snippet":"max-snippet:-1","max-image-preview":"max-image-preview:large","max-video-preview":"max-video-preview:-1"},"canonical":"https:\/\/portagent.eu\/de\/zolldienstleistungen\/standard-importprozeduren\/","og_locale":"de_DE","og_type":"article","og_title":"Standard-Importprozeduren - Portagent","og_url":"https:\/\/portagent.eu\/de\/zolldienstleistungen\/standard-importprozeduren\/","og_site_name":"Portagent","article_publisher":"https:\/\/www.facebook.com\/portagent","article_modified_time":"2025-07-30T17:40:15+00:00","twitter_card":"summary_large_image","twitter_misc":{"Gesch\u00e4tzte Lesezeit":"3 Minuten"},"schema":{"@context":"https:\/\/schema.org","@graph":[{"@type":"WebPage","@id":"https:\/\/portagent.eu\/de\/zolldienstleistungen\/standard-importprozeduren\/","url":"https:\/\/portagent.eu\/de\/zolldienstleistungen\/standard-importprozeduren\/","name":"Standard-Importprozeduren - Portagent","isPartOf":{"@id":"https:\/\/portagent.eu\/de\/#website"},"datePublished":"2023-04-07T11:09:21+00:00","dateModified":"2025-07-30T17:40:15+00:00","breadcrumb":{"@id":"https:\/\/portagent.eu\/de\/zolldienstleistungen\/standard-importprozeduren\/#breadcrumb"},"inLanguage":"de-AT","potentialAction":[{"@type":"ReadAction","target":["https:\/\/portagent.eu\/de\/zolldienstleistungen\/standard-importprozeduren\/"]}]},{"@type":"BreadcrumbList","@id":"https:\/\/portagent.eu\/de\/zolldienstleistungen\/standard-importprozeduren\/#breadcrumb","itemListElement":[{"@type":"ListItem","position":1,"name":"Home","item":"https:\/\/portagent.eu\/de\/"},{"@type":"ListItem","position":2,"name":"Zolldienstleistungen","item":"https:\/\/portagent.eu\/de\/zolldienstleistungen\/"},{"@type":"ListItem","position":3,"name":"Standard-Importprozeduren"}]},{"@type":"WebSite","@id":"https:\/\/portagent.eu\/de\/#website","url":"https:\/\/portagent.eu\/de\/","name":"Portagent","description":"COMPETENCE &amp; PARTNERSHIP in port logistics and customs clearence","publisher":{"@id":"https:\/\/portagent.eu\/de\/#organization"},"potentialAction":[{"@type":"SearchAction","target":{"@type":"EntryPoint","urlTemplate":"https:\/\/portagent.eu\/de\/?s={search_term_string}"},"query-input":{"@type":"PropertyValueSpecification","valueRequired":true,"valueName":"search_term_string"}}],"inLanguage":"de-AT"},{"@type":"Organization","@id":"https:\/\/portagent.eu\/de\/#organization","name":"Portagent","url":"https:\/\/portagent.eu\/de\/","logo":{"@type":"ImageObject","inLanguage":"de-AT","@id":"https:\/\/portagent.eu\/de\/#\/schema\/logo\/image\/","url":"https:\/\/portagent.eu\/wp-content\/uploads\/2023\/02\/portagent_logo.png","contentUrl":"https:\/\/portagent.eu\/wp-content\/uploads\/2023\/02\/portagent_logo.png","width":411,"height":123,"caption":"Portagent"},"image":{"@id":"https:\/\/portagent.eu\/de\/#\/schema\/logo\/image\/"},"sameAs":["https:\/\/www.facebook.com\/portagent","https:\/\/www.linkedin.com\/company\/portagent\/?originalSubdomain=de","https:\/\/www.instagram.com\/portagent"]}]}},"jetpack_sharing_enabled":true,"_links":{"self":[{"href":"https:\/\/portagent.eu\/de\/wp-json\/wp\/v2\/pages\/2639"}],"collection":[{"href":"https:\/\/portagent.eu\/de\/wp-json\/wp\/v2\/pages"}],"about":[{"href":"https:\/\/portagent.eu\/de\/wp-json\/wp\/v2\/types\/page"}],"author":[{"embeddable":true,"href":"https:\/\/portagent.eu\/de\/wp-json\/wp\/v2\/users\/3"}],"replies":[{"embeddable":true,"href":"https:\/\/portagent.eu\/de\/wp-json\/wp\/v2\/comments?post=2639"}],"version-history":[{"count":9,"href":"https:\/\/portagent.eu\/de\/wp-json\/wp\/v2\/pages\/2639\/revisions"}],"predecessor-version":[{"id":3767,"href":"https:\/\/portagent.eu\/de\/wp-json\/wp\/v2\/pages\/2639\/revisions\/3767"}],"up":[{"embeddable":true,"href":"https:\/\/portagent.eu\/de\/wp-json\/wp\/v2\/pages\/2595"}],"wp:attachment":[{"href":"https:\/\/portagent.eu\/de\/wp-json\/wp\/v2\/media?parent=2639"}],"curies":[{"name":"wp","href":"https:\/\/api.w.org\/{rel}","templated":true}]}}