{"id":2617,"date":"2023-04-07T09:16:02","date_gmt":"2023-04-07T07:16:02","guid":{"rendered":"https:\/\/52.57.207.78\/?page_id=2617"},"modified":"2025-07-04T12:51:05","modified_gmt":"2025-07-04T10:51:05","slug":"frachtdienstleistungen","status":"publish","type":"page","link":"https:\/\/portagent.eu\/de\/frachtdienstleistungen\/","title":{"rendered":"Frachtdienstleistungen"},"content":{"rendered":"<div class=\"vc_row wpb_row vc_row-fluid vc_custom_1669184906750\"><div class=\"wpb_column vc_column_container vc_col-sm-4\"><div class=\"vc_column-inner\"><div class=\"wpb_wrapper\"><h2 style=\"font-size: 30px;line-height: 1.2;text-align: left\" class=\"vc_custom_heading\" >Sie k\u00f6nnen darauf vertrauen, dass unsere effizienten und zuverl\u00e4ssigen Dienstleistungen ihre Ware ans Ziel bringen.<\/h2><\/div><\/div><\/div><div class=\"wpb_column vc_column_container vc_col-sm-4\"><div class=\"vc_column-inner\"><div class=\"wpb_wrapper\">\n\t<div class=\"wpb_text_column wpb_content_element  dark-color-fonts\" >\n\t\t<div class=\"wpb_wrapper\">\n\t\t\t<p><span style=\"font-weight: 400;\">Bei Portagent wissen wir, dass das Handling von Fracht gerade an Knotenpunkten wie Seeh\u00e4fen, eine gewisse Herausforderung darstellen kann. Unzuverl\u00e4ssige Schiffsfahrpl\u00e4ne k\u00f6nnen zu teuren Standzeiten auf den Terminals f\u00fchren. Unser breites Portfolio an Frachtdienstleistungen hilft Risiken fr\u00fchzeitig zu erkennen und eine entsprechende Gegenma\u00dfnahme einzuleiten. Dazu geh\u00f6ren unter anderem Zwischenlagerung von Containern, Lagerung von Waren, Umfuhr von Waren im und.<\/span><\/p>\n\n\t\t<\/div>\n\t<\/div>\n<\/div><\/div><\/div><div class=\"wpb_column vc_column_container vc_col-sm-4\"><div class=\"vc_column-inner\"><div class=\"wpb_wrapper\">\n\t<div class=\"wpb_text_column wpb_content_element  dark-color-fonts\" >\n\t\t<div class=\"wpb_wrapper\">\n\t\t\t<p><span style=\"font-weight: 400;\">\u00a0Au\u00dferhalb des Hafens, physische Inspektionen, Solas Verwiegung oder auch Cross Docking. Zus\u00e4tzlich bieten wir auch ein gro\u00dfes Spektrum an Leistungen im Fahrzeugbereich, wie die Erstellung von Wertgutachten, Homologation von US Fahrzeugen und die Verbringung zur Hauptuntersuchung. Die Fahrzeugleistungen werden von Parntern erbracht, mit welchen wir bereits jahrelange Gesch\u00e4ftskontakte pflegen.<\/span><\/p>\n\n\t\t<\/div>\n\t<\/div>\n<\/div><\/div><\/div><\/div><div data-vc-full-width=\"true\" data-vc-full-width-init=\"false\" class=\"vc_row wpb_row vc_row-fluid vc_custom_1670240637476 vc_row-has-fill\"><div class=\"wpb_column vc_column_container vc_col-sm-4\"><div class=\"vc_column-inner\"><div class=\"wpb_wrapper\">\n\t<div  class=\"wpb_single_image wpb_content_element vc_align_center   white\">\n\t\t<h4 class=\"wpb_heading wpb_singleimage_heading\">Lagerung<\/h4>\n\t\t<figure class=\"wpb_wrapper vc_figure\">\n\t\t\t<a href=\"\/de\/cargo-services\/warehousing\/\" target=\"_self\" class=\"vc_single_image-wrapper   vc_box_border_grey\"><img loading=\"lazy\" decoding=\"async\" width=\"150\" height=\"144\" src=\"https:\/\/portagent.eu\/wp-content\/uploads\/2022\/11\/Untitled-design-11-1-150x144.png\" class=\"vc_single_image-img attachment-thumbnail\" alt=\"\" \/><\/a>\n\t\t<\/figure>\n\t<\/div>\n<\/div><\/div><\/div><div class=\"wpb_column vc_column_container vc_col-sm-4\"><div class=\"vc_column-inner\"><div class=\"wpb_wrapper\">\n\t<div  class=\"wpb_single_image wpb_content_element vc_align_center   white\">\n\t\t<h4 class=\"wpb_heading wpb_singleimage_heading\">Transportdienste<\/h4>\n\t\t<figure class=\"wpb_wrapper vc_figure\">\n\t\t\t<a href=\"\/de\/cargo-services\/shipping\/\" target=\"_self\" class=\"vc_single_image-wrapper   vc_box_border_grey\"><img loading=\"lazy\" decoding=\"async\" width=\"150\" height=\"150\" src=\"https:\/\/portagent.eu\/wp-content\/uploads\/2022\/11\/image-507-150x150.png\" class=\"vc_single_image-img attachment-thumbnail\" alt=\"\" srcset=\"https:\/\/portagent.eu\/wp-content\/uploads\/2022\/11\/image-507-150x150.png 150w, https:\/\/portagent.eu\/wp-content\/uploads\/2022\/11\/image-507-130x130.png 130w, https:\/\/portagent.eu\/wp-content\/uploads\/2022\/11\/image-507-40x40.png 40w, https:\/\/portagent.eu\/wp-content\/uploads\/2022\/11\/image-507.png 180w\" sizes=\"(max-width: 150px) 100vw, 150px\" \/><\/a>\n\t\t<\/figure>\n\t<\/div>\n<\/div><\/div><\/div><div class=\"wpb_column vc_column_container vc_col-sm-4\"><div class=\"vc_column-inner\"><div class=\"wpb_wrapper\">\n\t<div  class=\"wpb_single_image wpb_content_element vc_align_center   white\">\n\t\t<h4 class=\"wpb_heading wpb_singleimage_heading\">Containerabfertigung<\/h4>\n\t\t<figure class=\"wpb_wrapper vc_figure\">\n\t\t\t<a href=\"\/de\/cargo-services\/container-trucking\/\" target=\"_self\" class=\"vc_single_image-wrapper   vc_box_border_grey\"><img loading=\"lazy\" decoding=\"async\" width=\"120\" height=\"124\" src=\"https:\/\/portagent.eu\/wp-content\/uploads\/2022\/11\/download-1-1-2.png\" class=\"vc_single_image-img attachment-thumbnail\" alt=\"\" srcset=\"https:\/\/portagent.eu\/wp-content\/uploads\/2022\/11\/download-1-1-2.png 120w, https:\/\/portagent.eu\/wp-content\/uploads\/2022\/11\/download-1-1-2-40x40.png 40w\" sizes=\"(max-width: 120px) 100vw, 120px\" \/><\/a>\n\t\t<\/figure>\n\t<\/div>\n<\/div><\/div><\/div><\/div><div class=\"vc_row-full-width\"><\/div><div data-vc-full-width=\"true\" data-vc-full-width-init=\"false\" class=\"vc_row wpb_row vc_row-fluid vc_custom_1670240625618 vc_row-has-fill\"><div class=\"wpb_column vc_column_container vc_col-sm-4\"><div class=\"vc_column-inner\"><div class=\"wpb_wrapper\">\n\t<div  class=\"wpb_single_image wpb_content_element vc_align_center   white\">\n\t\t<h4 class=\"wpb_heading wpb_singleimage_heading\">Containerstellfl\u00e4chen<\/h4>\n\t\t<figure class=\"wpb_wrapper vc_figure\">\n\t\t\t<a href=\"\/de\/cargo-services\/container-yard\/\" target=\"_self\" class=\"vc_single_image-wrapper   vc_box_border_grey\"><img loading=\"lazy\" decoding=\"async\" width=\"142\" height=\"145\" src=\"https:\/\/portagent.eu\/wp-content\/uploads\/2023\/02\/Untitled-design-10-1-150x145-1.png\" class=\"vc_single_image-img attachment-thumbnail\" alt=\"\" srcset=\"https:\/\/portagent.eu\/wp-content\/uploads\/2023\/02\/Untitled-design-10-1-150x145-1.png 142w, https:\/\/portagent.eu\/wp-content\/uploads\/2023\/02\/Untitled-design-10-1-150x145-1-12x12.png 12w, https:\/\/portagent.eu\/wp-content\/uploads\/2023\/02\/Untitled-design-10-1-150x145-1-40x40.png 40w\" sizes=\"(max-width: 142px) 100vw, 142px\" \/><\/a>\n\t\t<\/figure>\n\t<\/div>\n<\/div><\/div><\/div><div class=\"wpb_column vc_column_container vc_col-sm-4\"><div class=\"vc_column-inner\"><div class=\"wpb_wrapper\">\n\t<div  class=\"wpb_single_image wpb_content_element vc_align_center   white\">\n\t\t<h4 class=\"wpb_heading wpb_singleimage_heading\">BreakBulk<\/h4>\n\t\t<figure class=\"wpb_wrapper vc_figure\">\n\t\t\t<a href=\"\/de\/cargo-services\/breakbulk\/\" target=\"_self\" class=\"vc_single_image-wrapper   vc_box_border_grey\"><img loading=\"lazy\" decoding=\"async\" width=\"150\" height=\"150\" src=\"https:\/\/portagent.eu\/wp-content\/uploads\/2022\/11\/image-509-150x150.png\" class=\"vc_single_image-img attachment-thumbnail\" alt=\"\" srcset=\"https:\/\/portagent.eu\/wp-content\/uploads\/2022\/11\/image-509-150x150.png 150w, https:\/\/portagent.eu\/wp-content\/uploads\/2022\/11\/image-509-130x130.png 130w, https:\/\/portagent.eu\/wp-content\/uploads\/2022\/11\/image-509-40x40.png 40w\" sizes=\"(max-width: 150px) 100vw, 150px\" \/><\/a>\n\t\t<\/figure>\n\t<\/div>\n<\/div><\/div><\/div><div class=\"wpb_column vc_column_container vc_col-sm-4\"><div class=\"vc_column-inner\"><div class=\"wpb_wrapper\">\n\t<div  class=\"wpb_single_image wpb_content_element vc_align_center   white\">\n\t\t<h4 class=\"wpb_heading wpb_singleimage_heading\">Kfz Services<\/h4>\n\t\t<figure class=\"wpb_wrapper vc_figure\">\n\t\t\t<a href=\"\/de\/cargo-services\/vehicle-services\/\" target=\"_self\" class=\"vc_single_image-wrapper   vc_box_border_grey\"><img loading=\"lazy\" decoding=\"async\" width=\"150\" height=\"150\" src=\"https:\/\/portagent.eu\/wp-content\/uploads\/2023\/02\/admin-ajax-150x150.png\" class=\"vc_single_image-img attachment-thumbnail\" alt=\"\" srcset=\"https:\/\/portagent.eu\/wp-content\/uploads\/2023\/02\/admin-ajax-150x150.png 150w, https:\/\/portagent.eu\/wp-content\/uploads\/2023\/02\/admin-ajax-130x130.png 130w, https:\/\/portagent.eu\/wp-content\/uploads\/2023\/02\/admin-ajax-40x40.png 40w\" sizes=\"(max-width: 150px) 100vw, 150px\" \/><\/a>\n\t\t<\/figure>\n\t<\/div>\n<\/div><\/div><\/div><\/div><div class=\"vc_row-full-width\"><\/div><div class=\"vc_row wpb_row vc_row-fluid vc_custom_1669186652729\"><div class=\"wpb_column vc_column_container vc_col-sm-6\"><div class=\"vc_column-inner\"><div class=\"wpb_wrapper\"><section class=\"vc_cta3-container\"><div class=\"vc_general vc_cta3 vc_cta3-style-classic vc_cta3-shape-rounded vc_cta3-align-left vc_cta3-color-black vc_cta3-icon-size-md vc_cta3-actions-bottom vc_custom_1734369101922\"><div class=\"vc_cta3_content-container\"><div class=\"vc_cta3-content\"><header class=\"vc_cta3-content-header\"><h2>Mit unseren zuverl\u00e4ssigen und effizienten Diensten landet Ihre Ware immer m\u00f6glichst kosteng\u00fcnstig am Ziel. Kontaktieren Sie uns um mehr zu erfahren!<\/h2><\/header><\/div><div class=\"vc_cta3-actions\"><div class=\"vc_btn3-container vc_btn3-inline\" ><a style=\"background-color:#34ccff; color:#ffffff;\" class=\"vc_general vc_btn3 vc_btn3-size-md vc_btn3-shape-round vc_btn3-style-custom\" href=\"https:\/\/portagent.eu\/de\/kontakt\/\" title=\"KONTAKT\">Kontaktieren Sie uns jetzt<\/a><\/div><\/div><\/div><\/div><\/section><\/div><\/div><\/div><div class=\"wpb_column vc_column_container vc_col-sm-6\"><div class=\"vc_column-inner\"><div class=\"wpb_wrapper\">\n\t<div  class=\"wpb_single_image wpb_content_element vc_align_left\">\n\t\t\n\t\t<figure class=\"wpb_wrapper vc_figure\">\n\t\t\t<div class=\"vc_single_image-wrapper   vc_box_border_grey\"><img loading=\"lazy\" decoding=\"async\" width=\"2560\" height=\"2091\" src=\"https:\/\/portagent.eu\/wp-content\/uploads\/2025\/07\/Image_Set1_Portagent__6_von_96-1-scaled.webp\" class=\"vc_single_image-img attachment-full\" alt=\"Image Set1 Portagent (6 von 96)\" srcset=\"https:\/\/portagent.eu\/wp-content\/uploads\/2025\/07\/Image_Set1_Portagent__6_von_96-1-scaled.webp 2560w, https:\/\/portagent.eu\/wp-content\/uploads\/2025\/07\/Image_Set1_Portagent__6_von_96-1-300x245.webp 300w, https:\/\/portagent.eu\/wp-content\/uploads\/2025\/07\/Image_Set1_Portagent__6_von_96-1-1024x836.webp 1024w, https:\/\/portagent.eu\/wp-content\/uploads\/2025\/07\/Image_Set1_Portagent__6_von_96-1-768x627.webp 768w, https:\/\/portagent.eu\/wp-content\/uploads\/2025\/07\/Image_Set1_Portagent__6_von_96-1-1536x1254.webp 1536w, https:\/\/portagent.eu\/wp-content\/uploads\/2025\/07\/Image_Set1_Portagent__6_von_96-1-2048x1673.webp 2048w, https:\/\/portagent.eu\/wp-content\/uploads\/2025\/07\/Image_Set1_Portagent__6_von_96-1-15x12.webp 15w\" sizes=\"(max-width: 2560px) 100vw, 2560px\" \/><\/div>\n\t\t<\/figure>\n\t<\/div>\n<\/div><\/div><\/div><\/div><div data-vc-full-width=\"true\" data-vc-full-width-init=\"false\" data-vc-stretch-content=\"true\" class=\"vc_row wpb_row vc_row-fluid vc_custom_1674822685527 vc_column-gap-20 vc_row-o-equal-height vc_row-flex\"><div class=\"wpb_column vc_column_container vc_col-sm-4 vc_col-has-fill\"><div class=\"vc_column-inner vc_custom_1669188410081\"><div class=\"wpb_wrapper\">\n\t<div  class=\"wpb_single_image wpb_content_element vc_align_center\">\n\t\t\n\t\t<figure class=\"wpb_wrapper vc_figure\">\n\t\t\t<div class=\"vc_single_image-wrapper   vc_box_border_grey\"><img loading=\"lazy\" decoding=\"async\" width=\"150\" height=\"150\" src=\"https:\/\/portagent.eu\/wp-content\/uploads\/2023\/01\/Untitled-design-4-150x150.png\" class=\"vc_single_image-img attachment-thumbnail\" alt=\"\" srcset=\"https:\/\/portagent.eu\/wp-content\/uploads\/2023\/01\/Untitled-design-4-150x150.png 150w, https:\/\/portagent.eu\/wp-content\/uploads\/2023\/01\/Untitled-design-4-300x300.png 300w, https:\/\/portagent.eu\/wp-content\/uploads\/2023\/01\/Untitled-design-4-1024x1024.png 1024w, https:\/\/portagent.eu\/wp-content\/uploads\/2023\/01\/Untitled-design-4-768x768.png 768w, https:\/\/portagent.eu\/wp-content\/uploads\/2023\/01\/Untitled-design-4-1536x1536.png 1536w, https:\/\/portagent.eu\/wp-content\/uploads\/2023\/01\/Untitled-design-4-2048x2048.png 2048w, https:\/\/portagent.eu\/wp-content\/uploads\/2023\/01\/Untitled-design-4-12x12.png 12w, https:\/\/portagent.eu\/wp-content\/uploads\/2023\/01\/Untitled-design-4-130x130.png 130w, https:\/\/portagent.eu\/wp-content\/uploads\/2023\/01\/Untitled-design-4-40x40.png 40w\" sizes=\"(max-width: 150px) 100vw, 150px\" \/><\/div>\n\t\t<\/figure>\n\t<\/div>\n\n\t<div class=\"wpb_text_column wpb_content_element  white\" >\n\t\t<div class=\"wpb_wrapper\">\n\t\t\t<h4 style=\"text-align: center;\"><span style=\"font-weight: 400;\">Strategischer Standort<\/span><\/h4>\n<p style=\"text-align: center;\"><span style=\"font-weight: 400;\">\u00a0Wir sitzen in unmittelbarer N\u00e4he zum Zollamt und stehen im st\u00e4ndigen Kontakt mit den dortigen Beh\u00f6rden.<\/span><\/p>\n\n\t\t<\/div>\n\t<\/div>\n<\/div><\/div><\/div><div class=\"wpb_column vc_column_container vc_col-sm-4 vc_col-has-fill\"><div class=\"vc_column-inner vc_custom_1674652422537\"><div class=\"wpb_wrapper\"><div class=\"vc_empty_space\"   style=\"height: 20px\"><span class=\"vc_empty_space_inner\"><\/span><\/div>\n\t<div  class=\"wpb_single_image wpb_content_element vc_align_center\">\n\t\t\n\t\t<figure class=\"wpb_wrapper vc_figure\">\n\t\t\t<div class=\"vc_single_image-wrapper   vc_box_border_grey\"><img loading=\"lazy\" decoding=\"async\" width=\"100\" height=\"100\" src=\"https:\/\/portagent.eu\/wp-content\/uploads\/2022\/11\/automated-process-1-1.png\" class=\"vc_single_image-img attachment-thumbnail\" alt=\"\" srcset=\"https:\/\/portagent.eu\/wp-content\/uploads\/2022\/11\/automated-process-1-1.png 100w, https:\/\/portagent.eu\/wp-content\/uploads\/2022\/11\/automated-process-1-1-40x40.png 40w\" sizes=\"(max-width: 100px) 100vw, 100px\" \/><\/div>\n\t\t<\/figure>\n\t<\/div>\n<div class=\"vc_empty_space\"   style=\"height: 10px\"><span class=\"vc_empty_space_inner\"><\/span><\/div>\n\t<div class=\"wpb_text_column wpb_content_element  white\" >\n\t\t<div class=\"wpb_wrapper\">\n\t\t\t<h4 style=\"text-align: center;\"><span style=\"font-weight: 400;\">Automatisierte Prozesse<\/span><\/h4>\n<p style=\"text-align: center;\"><span style=\"font-weight: 400;\">\u00a0Unsere Abfertigungsprozesse sind digitalisiert und erlauben Ihnen somit jederzeit Einblick und Zugriff \u00fcber unser Webportal.<\/span><\/p>\n\n\t\t<\/div>\n\t<\/div>\n<\/div><\/div><\/div><div class=\"wpb_column vc_column_container vc_col-sm-4 vc_col-has-fill\"><div class=\"vc_column-inner vc_custom_1674652444542\"><div class=\"wpb_wrapper\">\n\t<div  class=\"wpb_single_image wpb_content_element vc_align_center\">\n\t\t\n\t\t<figure class=\"wpb_wrapper vc_figure\">\n\t\t\t<div class=\"vc_single_image-wrapper   vc_box_border_grey\"><img loading=\"lazy\" decoding=\"async\" width=\"150\" height=\"150\" src=\"https:\/\/portagent.eu\/wp-content\/uploads\/2023\/01\/Untitled-design-5-150x150.png\" class=\"vc_single_image-img attachment-thumbnail\" alt=\"\" srcset=\"https:\/\/portagent.eu\/wp-content\/uploads\/2023\/01\/Untitled-design-5-150x150.png 150w, https:\/\/portagent.eu\/wp-content\/uploads\/2023\/01\/Untitled-design-5-300x300.png 300w, https:\/\/portagent.eu\/wp-content\/uploads\/2023\/01\/Untitled-design-5-1024x1024.png 1024w, https:\/\/portagent.eu\/wp-content\/uploads\/2023\/01\/Untitled-design-5-768x768.png 768w, https:\/\/portagent.eu\/wp-content\/uploads\/2023\/01\/Untitled-design-5-1536x1536.png 1536w, https:\/\/portagent.eu\/wp-content\/uploads\/2023\/01\/Untitled-design-5-2048x2048.png 2048w, https:\/\/portagent.eu\/wp-content\/uploads\/2023\/01\/Untitled-design-5-12x12.png 12w, https:\/\/portagent.eu\/wp-content\/uploads\/2023\/01\/Untitled-design-5-130x130.png 130w, https:\/\/portagent.eu\/wp-content\/uploads\/2023\/01\/Untitled-design-5-40x40.png 40w\" sizes=\"(max-width: 150px) 100vw, 150px\" \/><\/div>\n\t\t<\/figure>\n\t<\/div>\n\n\t<div class=\"wpb_text_column wpb_content_element  white\" >\n\t\t<div class=\"wpb_wrapper\">\n\t\t\t<h4 style=\"text-align: center;\"><span style=\"font-weight: 400;\">Unser Fachpersonal<\/span><\/h4>\n<p style=\"text-align: center;\"><span style=\"font-weight: 400;\">Durch regelm\u00e4\u00dfige Fortbildungen und Wissenstransfer zu unseren Partnerunternehmen investieren wir laufend in unsere Fachkompetenz.<\/span><\/p>\n\n\t\t<\/div>\n\t<\/div>\n<\/div><\/div><\/div><\/div><div class=\"vc_row-full-width\"><\/div>","protected":false},"excerpt":{"rendered":"Sie k\u00f6nnen darauf vertrauen, dass unsere effizienten und zuverl\u00e4ssigen Dienstleistungen ihre Ware ans Ziel bringen. Bei Portagent wissen wir, dass das Handling von Fracht gerade an Knotenpunkten wie Seeh\u00e4fen, eine gewisse Herausforderung darstellen...","protected":false},"author":3,"featured_media":0,"parent":0,"menu_order":0,"comment_status":"closed","ping_status":"closed","template":"","meta":{"_acf_changed":false,"footnotes":""},"class_list":["post-2617","page","type-page","status-publish","hentry"],"acf":[],"yoast_head":"<!-- This site is optimized with the Yoast SEO plugin v24.5 - https:\/\/yoast.com\/wordpress\/plugins\/seo\/ -->\n<title>Frachtdienstleistungen - Portagent<\/title>\n<meta name=\"description\" content=\"Portagent bietet ein breites Spektrum an Frachtdienstleistungen, darunter Hafentransporte, Cross-Docking, Lagerung und Wiegen. Diese Dienstleistungen sind darauf ausgerichtet, eine effiziente Abwicklung Ihrer Sendungen zu gew\u00e4hrleisten.\" \/>\n<meta name=\"robots\" content=\"index, follow, max-snippet:-1, max-image-preview:large, max-video-preview:-1\" \/>\n<link rel=\"canonical\" href=\"https:\/\/portagent.eu\/de\/frachtdienstleistungen\/\" \/>\n<meta property=\"og:locale\" content=\"de_DE\" \/>\n<meta property=\"og:type\" content=\"article\" \/>\n<meta property=\"og:title\" content=\"Frachtdienstleistungen - Portagent\" \/>\n<meta property=\"og:description\" content=\"Portagent bietet ein breites Spektrum an Frachtdienstleistungen, darunter Hafentransporte, Cross-Docking, Lagerung und Wiegen. Diese Dienstleistungen sind darauf ausgerichtet, eine effiziente Abwicklung Ihrer Sendungen zu gew\u00e4hrleisten.\" \/>\n<meta property=\"og:url\" content=\"https:\/\/portagent.eu\/de\/frachtdienstleistungen\/\" \/>\n<meta property=\"og:site_name\" content=\"Portagent\" \/>\n<meta property=\"article:publisher\" content=\"https:\/\/www.facebook.com\/portagent\" \/>\n<meta property=\"article:modified_time\" content=\"2025-07-04T10:51:05+00:00\" \/>\n<meta name=\"twitter:card\" content=\"summary_large_image\" \/>\n<meta name=\"twitter:label1\" content=\"Gesch\u00e4tzte Lesezeit\" \/>\n\t<meta name=\"twitter:data1\" content=\"2 Minuten\" \/>\n<script type=\"application\/ld+json\" class=\"yoast-schema-graph\">{\"@context\":\"https:\/\/schema.org\",\"@graph\":[{\"@type\":\"WebPage\",\"@id\":\"https:\/\/portagent.eu\/de\/frachtdienstleistungen\/\",\"url\":\"https:\/\/portagent.eu\/de\/frachtdienstleistungen\/\",\"name\":\"Frachtdienstleistungen - Portagent\",\"isPartOf\":{\"@id\":\"https:\/\/portagent.eu\/de\/#website\"},\"datePublished\":\"2023-04-07T07:16:02+00:00\",\"dateModified\":\"2025-07-04T10:51:05+00:00\",\"description\":\"Portagent bietet ein breites Spektrum an Frachtdienstleistungen, darunter Hafentransporte, Cross-Docking, Lagerung und Wiegen. Diese Dienstleistungen sind darauf ausgerichtet, eine effiziente Abwicklung Ihrer Sendungen zu gew\u00e4hrleisten.\",\"breadcrumb\":{\"@id\":\"https:\/\/portagent.eu\/de\/frachtdienstleistungen\/#breadcrumb\"},\"inLanguage\":\"de-AT\",\"potentialAction\":[{\"@type\":\"ReadAction\",\"target\":[\"https:\/\/portagent.eu\/de\/frachtdienstleistungen\/\"]}]},{\"@type\":\"BreadcrumbList\",\"@id\":\"https:\/\/portagent.eu\/de\/frachtdienstleistungen\/#breadcrumb\",\"itemListElement\":[{\"@type\":\"ListItem\",\"position\":1,\"name\":\"Home\",\"item\":\"https:\/\/portagent.eu\/de\/\"},{\"@type\":\"ListItem\",\"position\":2,\"name\":\"Frachtdienstleistungen\"}]},{\"@type\":\"WebSite\",\"@id\":\"https:\/\/portagent.eu\/de\/#website\",\"url\":\"https:\/\/portagent.eu\/de\/\",\"name\":\"Portagent\",\"description\":\"COMPETENCE &amp; PARTNERSHIP in port logistics and customs clearence\",\"publisher\":{\"@id\":\"https:\/\/portagent.eu\/de\/#organization\"},\"potentialAction\":[{\"@type\":\"SearchAction\",\"target\":{\"@type\":\"EntryPoint\",\"urlTemplate\":\"https:\/\/portagent.eu\/de\/?s={search_term_string}\"},\"query-input\":{\"@type\":\"PropertyValueSpecification\",\"valueRequired\":true,\"valueName\":\"search_term_string\"}}],\"inLanguage\":\"de-AT\"},{\"@type\":\"Organization\",\"@id\":\"https:\/\/portagent.eu\/de\/#organization\",\"name\":\"Portagent\",\"url\":\"https:\/\/portagent.eu\/de\/\",\"logo\":{\"@type\":\"ImageObject\",\"inLanguage\":\"de-AT\",\"@id\":\"https:\/\/portagent.eu\/de\/#\/schema\/logo\/image\/\",\"url\":\"https:\/\/portagent.eu\/wp-content\/uploads\/2023\/02\/portagent_logo.png\",\"contentUrl\":\"https:\/\/portagent.eu\/wp-content\/uploads\/2023\/02\/portagent_logo.png\",\"width\":411,\"height\":123,\"caption\":\"Portagent\"},\"image\":{\"@id\":\"https:\/\/portagent.eu\/de\/#\/schema\/logo\/image\/\"},\"sameAs\":[\"https:\/\/www.facebook.com\/portagent\",\"https:\/\/www.linkedin.com\/company\/portagent\/?originalSubdomain=de\",\"https:\/\/www.instagram.com\/portagent\"]}]}<\/script>\n<!-- \/ Yoast SEO plugin. -->","yoast_head_json":{"title":"Frachtdienstleistungen - Portagent","description":"Portagent bietet ein breites Spektrum an Frachtdienstleistungen, darunter Hafentransporte, Cross-Docking, Lagerung und Wiegen. Diese Dienstleistungen sind darauf ausgerichtet, eine effiziente Abwicklung Ihrer Sendungen zu gew\u00e4hrleisten.","robots":{"index":"index","follow":"follow","max-snippet":"max-snippet:-1","max-image-preview":"max-image-preview:large","max-video-preview":"max-video-preview:-1"},"canonical":"https:\/\/portagent.eu\/de\/frachtdienstleistungen\/","og_locale":"de_DE","og_type":"article","og_title":"Frachtdienstleistungen - Portagent","og_description":"Portagent bietet ein breites Spektrum an Frachtdienstleistungen, darunter Hafentransporte, Cross-Docking, Lagerung und Wiegen. Diese Dienstleistungen sind darauf ausgerichtet, eine effiziente Abwicklung Ihrer Sendungen zu gew\u00e4hrleisten.","og_url":"https:\/\/portagent.eu\/de\/frachtdienstleistungen\/","og_site_name":"Portagent","article_publisher":"https:\/\/www.facebook.com\/portagent","article_modified_time":"2025-07-04T10:51:05+00:00","twitter_card":"summary_large_image","twitter_misc":{"Gesch\u00e4tzte Lesezeit":"2 Minuten"},"schema":{"@context":"https:\/\/schema.org","@graph":[{"@type":"WebPage","@id":"https:\/\/portagent.eu\/de\/frachtdienstleistungen\/","url":"https:\/\/portagent.eu\/de\/frachtdienstleistungen\/","name":"Frachtdienstleistungen - Portagent","isPartOf":{"@id":"https:\/\/portagent.eu\/de\/#website"},"datePublished":"2023-04-07T07:16:02+00:00","dateModified":"2025-07-04T10:51:05+00:00","description":"Portagent bietet ein breites Spektrum an Frachtdienstleistungen, darunter Hafentransporte, Cross-Docking, Lagerung und Wiegen. Diese Dienstleistungen sind darauf ausgerichtet, eine effiziente Abwicklung Ihrer Sendungen zu gew\u00e4hrleisten.","breadcrumb":{"@id":"https:\/\/portagent.eu\/de\/frachtdienstleistungen\/#breadcrumb"},"inLanguage":"de-AT","potentialAction":[{"@type":"ReadAction","target":["https:\/\/portagent.eu\/de\/frachtdienstleistungen\/"]}]},{"@type":"BreadcrumbList","@id":"https:\/\/portagent.eu\/de\/frachtdienstleistungen\/#breadcrumb","itemListElement":[{"@type":"ListItem","position":1,"name":"Home","item":"https:\/\/portagent.eu\/de\/"},{"@type":"ListItem","position":2,"name":"Frachtdienstleistungen"}]},{"@type":"WebSite","@id":"https:\/\/portagent.eu\/de\/#website","url":"https:\/\/portagent.eu\/de\/","name":"Portagent","description":"COMPETENCE &amp; PARTNERSHIP in port logistics and customs clearence","publisher":{"@id":"https:\/\/portagent.eu\/de\/#organization"},"potentialAction":[{"@type":"SearchAction","target":{"@type":"EntryPoint","urlTemplate":"https:\/\/portagent.eu\/de\/?s={search_term_string}"},"query-input":{"@type":"PropertyValueSpecification","valueRequired":true,"valueName":"search_term_string"}}],"inLanguage":"de-AT"},{"@type":"Organization","@id":"https:\/\/portagent.eu\/de\/#organization","name":"Portagent","url":"https:\/\/portagent.eu\/de\/","logo":{"@type":"ImageObject","inLanguage":"de-AT","@id":"https:\/\/portagent.eu\/de\/#\/schema\/logo\/image\/","url":"https:\/\/portagent.eu\/wp-content\/uploads\/2023\/02\/portagent_logo.png","contentUrl":"https:\/\/portagent.eu\/wp-content\/uploads\/2023\/02\/portagent_logo.png","width":411,"height":123,"caption":"Portagent"},"image":{"@id":"https:\/\/portagent.eu\/de\/#\/schema\/logo\/image\/"},"sameAs":["https:\/\/www.facebook.com\/portagent","https:\/\/www.linkedin.com\/company\/portagent\/?originalSubdomain=de","https:\/\/www.instagram.com\/portagent"]}]}},"jetpack_sharing_enabled":true,"_links":{"self":[{"href":"https:\/\/portagent.eu\/de\/wp-json\/wp\/v2\/pages\/2617"}],"collection":[{"href":"https:\/\/portagent.eu\/de\/wp-json\/wp\/v2\/pages"}],"about":[{"href":"https:\/\/portagent.eu\/de\/wp-json\/wp\/v2\/types\/page"}],"author":[{"embeddable":true,"href":"https:\/\/portagent.eu\/de\/wp-json\/wp\/v2\/users\/3"}],"replies":[{"embeddable":true,"href":"https:\/\/portagent.eu\/de\/wp-json\/wp\/v2\/comments?post=2617"}],"version-history":[{"count":5,"href":"https:\/\/portagent.eu\/de\/wp-json\/wp\/v2\/pages\/2617\/revisions"}],"predecessor-version":[{"id":3604,"href":"https:\/\/portagent.eu\/de\/wp-json\/wp\/v2\/pages\/2617\/revisions\/3604"}],"wp:attachment":[{"href":"https:\/\/portagent.eu\/de\/wp-json\/wp\/v2\/media?parent=2617"}],"curies":[{"name":"wp","href":"https:\/\/api.w.org\/{rel}","templated":true}]}}