{"id":2612,"date":"2023-04-07T08:24:13","date_gmt":"2023-04-07T06:24:13","guid":{"rendered":"https:\/\/52.57.207.78\/?page_id=2612"},"modified":"2025-07-30T20:30:54","modified_gmt":"2025-07-30T18:30:54","slug":"zolllager","status":"publish","type":"page","link":"https:\/\/portagent.eu\/de\/zolldienstleistungen\/zolllager\/","title":{"rendered":"Zolllager"},"content":{"rendered":"<div class=\"vc_row wpb_row vc_row-fluid mb-5 vc_custom_1735475555549\"><div class=\"wpb_column vc_column_container vc_col-sm-4\"><div class=\"vc_column-inner\"><div class=\"wpb_wrapper\"><h2 style=\"font-size: 25px;line-height: 1.2;text-align: left\" class=\"vc_custom_heading\" >Nutzen Sie unser Zolllager\/Verwahrlager, um die Einfuhrprozedur hinauszuschieben.<\/h2><\/div><\/div><\/div><div class=\"mt-3 wpb_column vc_column_container vc_col-sm-4\"><div class=\"vc_column-inner\"><div class=\"wpb_wrapper\">\n\t<div class=\"wpb_text_column wpb_content_element  dark-color-fonts\" >\n\t\t<div class=\"wpb_wrapper\">\n\t\t\t<p><span style=\"font-weight: 400;\">Ein Zolllager oder Verwahrlager kann Ihnen helfen Ihren Cash-Flow zu optimieren und Ware noch vor der Verzollung in Augenschein zu nehmen und zu \u00fcberpr\u00fcfen. W\u00e4hrend der Verwahrung in einem Zolllager m\u00fcssen keine Einfuhrabgaben bezahlt werden. Diese werden erst f\u00e4llig, wenn die Ware von dort aus in den freien Verkehr \u00fcberf\u00fchrt wird.<\/span><\/p>\n\n\t\t<\/div>\n\t<\/div>\n<\/div><\/div><\/div><div class=\"wpb_column vc_column_container vc_col-sm-4\"><div class=\"vc_column-inner\"><div class=\"wpb_wrapper\">\n\t<div class=\"wpb_text_column wpb_content_element  dark-color-fonts\" >\n\t\t<div class=\"wpb_wrapper\">\n\t\t\t<p><span style=\"font-weight: 400;\">Ein Nutzungsszenario, w\u00e4re, wenn eine gr\u00f6\u00dfere Menge an Waren auf einmal eingef\u00fchrt wird, um diese \u00fcber einen l\u00e4ngeren Zeitraum verteilt in den Verkehr zu bringen. So kann der Warenempf\u00e4nger die Abgabenlast auf mehrere Transaktionen verteilen, ohne direkt nach Einfuhr in Vorkasse zu treten.<\/span><\/p>\n\n\t\t<\/div>\n\t<\/div>\n<\/div><\/div><\/div><\/div><div data-vc-full-width=\"true\" data-vc-full-width-init=\"false\" class=\"vc_row wpb_row vc_row-fluid mb-0 vc_custom_1735475562995 vc_row-has-fill\"><div class=\"wpb_column vc_column_container vc_col-sm-6\"><div class=\"vc_column-inner\"><div class=\"wpb_wrapper\">\n\t<div  class=\"wpb_single_image wpb_content_element vc_align_center\">\n\t\t\n\t\t<figure class=\"wpb_wrapper vc_figure\">\n\t\t\t<div class=\"vc_single_image-wrapper   vc_box_border_grey\"><img loading=\"lazy\" decoding=\"async\" width=\"595\" height=\"373\" src=\"https:\/\/portagent.eu\/wp-content\/uploads\/2023\/01\/Customs-Warehouse-Postpone-or-avoid-import-duties-e1674630125729.jpg\" class=\"vc_single_image-img attachment-full\" alt=\"\" srcset=\"https:\/\/portagent.eu\/wp-content\/uploads\/2023\/01\/Customs-Warehouse-Postpone-or-avoid-import-duties-e1674630125729.jpg 595w, https:\/\/portagent.eu\/wp-content\/uploads\/2023\/01\/Customs-Warehouse-Postpone-or-avoid-import-duties-e1674630125729-300x188.jpg 300w, https:\/\/portagent.eu\/wp-content\/uploads\/2023\/01\/Customs-Warehouse-Postpone-or-avoid-import-duties-e1674630125729-18x12.jpg 18w\" sizes=\"(max-width: 595px) 100vw, 595px\" \/><\/div>\n\t\t<\/figure>\n\t<\/div>\n<\/div><\/div><\/div><div class=\"mt-3 wpb_column vc_column_container vc_col-sm-6\"><div class=\"vc_column-inner\"><div class=\"wpb_wrapper\">\n\t<div class=\"wpb_text_column wpb_content_element  white\" >\n\t\t<div class=\"wpb_wrapper\">\n\t\t\t<p><span style=\"font-weight: 400; color: #ffff !important;\">Portagent bietet Ihnen die Lagerung ihrer G\u00fcter in einem unserer Zolllager zu einem wettbewerbsf\u00e4higen Preis. Unser Team unterst\u00fctzt Sie selbstverst\u00e4ndlich dabei alle Vorteile des Verfahrens zu nutzen.<\/span><\/p>\n\n\t\t<\/div>\n\t<\/div>\n<\/div><\/div><\/div><\/div><div class=\"vc_row-full-width\"><\/div><div class=\"vc_row wpb_row vc_row-fluid mb-5 vc_custom_1735475576340\"><div class=\"wpb_column vc_column_container vc_col-sm-6\"><div class=\"vc_column-inner\"><div class=\"wpb_wrapper\"><section class=\"vc_cta3-container\"><div class=\"vc_general vc_cta3 px-0 vc_cta3-style-classic vc_cta3-shape-rounded vc_cta3-align-left vc_cta3-color-black vc_cta3-icon-size-md vc_cta3-actions-bottom vc_custom_1735475593883\"><div class=\"vc_cta3_content-container\"><div class=\"vc_cta3-content\"><header class=\"vc_cta3-content-header\"><h2>Wir bringen Ihr Auslandsgesch\u00e4ft weiter!<\/h2><\/header><\/div><div class=\"vc_cta3-actions\"><div class=\"vc_btn3-container vc_btn3-inline\" ><a style=\"background-color:#34ccff; color:#ffffff;\" class=\"vc_general vc_btn3 vc_btn3-size-md vc_btn3-shape-round vc_btn3-style-custom\" href=\"https:\/\/portagent.eu\/de\/kontakt\/\" title=\"KONTAKT\">Kontaktieren Sie uns jetzt<\/a><\/div><\/div><\/div><\/div><\/section><\/div><\/div><\/div><div class=\"wpb_column vc_column_container vc_col-sm-6\"><div class=\"vc_column-inner\"><div class=\"wpb_wrapper\">\n\t<div  class=\"wpb_single_image wpb_content_element vc_align_left\">\n\t\t\n\t\t<figure class=\"wpb_wrapper vc_figure\">\n\t\t\t<div class=\"vc_single_image-wrapper   vc_box_border_grey\"><img loading=\"lazy\" decoding=\"async\" width=\"550\" height=\"313\" src=\"https:\/\/portagent.eu\/wp-content\/uploads\/2023\/01\/Portagent-final-26-von-59-1.png\" class=\"vc_single_image-img attachment-full\" alt=\"\" srcset=\"https:\/\/portagent.eu\/wp-content\/uploads\/2023\/01\/Portagent-final-26-von-59-1.png 550w, https:\/\/portagent.eu\/wp-content\/uploads\/2023\/01\/Portagent-final-26-von-59-1-300x171.png 300w, https:\/\/portagent.eu\/wp-content\/uploads\/2023\/01\/Portagent-final-26-von-59-1-18x10.png 18w\" sizes=\"(max-width: 550px) 100vw, 550px\" \/><\/div>\n\t\t<\/figure>\n\t<\/div>\n<\/div><\/div><\/div><\/div><div data-vc-full-width=\"true\" data-vc-full-width-init=\"false\" data-vc-stretch-content=\"true\" class=\"vc_row wpb_row vc_row-fluid mobile_unset_padding_left mobile_unset_padding_right vc_custom_1735475581830 vc_column-gap-20 vc_row-o-equal-height vc_row-flex\"><div class=\"wpb_column vc_column_container vc_col-sm-4 vc_col-has-fill\"><div class=\"vc_column-inner vc_custom_1669188410081\"><div class=\"wpb_wrapper\">\n\t<div  class=\"wpb_single_image wpb_content_element vc_align_center\">\n\t\t\n\t\t<figure class=\"wpb_wrapper vc_figure\">\n\t\t\t<div class=\"vc_single_image-wrapper   vc_box_border_grey\"><img loading=\"lazy\" decoding=\"async\" width=\"150\" height=\"150\" src=\"https:\/\/portagent.eu\/wp-content\/uploads\/2023\/01\/Untitled-design-4-150x150.png\" class=\"vc_single_image-img attachment-thumbnail\" alt=\"\" srcset=\"https:\/\/portagent.eu\/wp-content\/uploads\/2023\/01\/Untitled-design-4-150x150.png 150w, https:\/\/portagent.eu\/wp-content\/uploads\/2023\/01\/Untitled-design-4-300x300.png 300w, https:\/\/portagent.eu\/wp-content\/uploads\/2023\/01\/Untitled-design-4-1024x1024.png 1024w, https:\/\/portagent.eu\/wp-content\/uploads\/2023\/01\/Untitled-design-4-768x768.png 768w, https:\/\/portagent.eu\/wp-content\/uploads\/2023\/01\/Untitled-design-4-1536x1536.png 1536w, https:\/\/portagent.eu\/wp-content\/uploads\/2023\/01\/Untitled-design-4-2048x2048.png 2048w, https:\/\/portagent.eu\/wp-content\/uploads\/2023\/01\/Untitled-design-4-12x12.png 12w, https:\/\/portagent.eu\/wp-content\/uploads\/2023\/01\/Untitled-design-4-130x130.png 130w, https:\/\/portagent.eu\/wp-content\/uploads\/2023\/01\/Untitled-design-4-40x40.png 40w\" sizes=\"(max-width: 150px) 100vw, 150px\" \/><\/div>\n\t\t<\/figure>\n\t<\/div>\n\n\t<div class=\"wpb_text_column wpb_content_element  white\" >\n\t\t<div class=\"wpb_wrapper\">\n\t\t\t<h4 style=\"text-align: center;\"><span style=\"font-weight: 400;\">Strategischer Standort<\/span><\/h4>\n<p style=\"text-align: center;\"><span style=\"font-weight: 400;\">\u00a0Wir sitzen in unmittelbarer N\u00e4he zum Zollamt und stehen im st\u00e4ndigen Kontakt mit den dortigen Beh\u00f6rden.<\/span><\/p>\n\n\t\t<\/div>\n\t<\/div>\n<\/div><\/div><\/div><div class=\"wpb_column vc_column_container vc_col-sm-4 vc_col-has-fill\"><div class=\"vc_column-inner vc_custom_1674652422537\"><div class=\"wpb_wrapper\"><div class=\"vc_empty_space\"   style=\"height: 20px\"><span class=\"vc_empty_space_inner\"><\/span><\/div>\n\t<div  class=\"wpb_single_image wpb_content_element vc_align_center\">\n\t\t\n\t\t<figure class=\"wpb_wrapper vc_figure\">\n\t\t\t<div class=\"vc_single_image-wrapper   vc_box_border_grey\"><img loading=\"lazy\" decoding=\"async\" width=\"100\" height=\"100\" src=\"https:\/\/portagent.eu\/wp-content\/uploads\/2022\/11\/automated-process-1-1.png\" class=\"vc_single_image-img attachment-thumbnail\" alt=\"\" srcset=\"https:\/\/portagent.eu\/wp-content\/uploads\/2022\/11\/automated-process-1-1.png 100w, https:\/\/portagent.eu\/wp-content\/uploads\/2022\/11\/automated-process-1-1-40x40.png 40w\" sizes=\"(max-width: 100px) 100vw, 100px\" \/><\/div>\n\t\t<\/figure>\n\t<\/div>\n<div class=\"vc_empty_space\"   style=\"height: 10px\"><span class=\"vc_empty_space_inner\"><\/span><\/div>\n\t<div class=\"wpb_text_column wpb_content_element  white\" >\n\t\t<div class=\"wpb_wrapper\">\n\t\t\t<h4><\/h4>\n<h4 style=\"text-align: center;\"><span style=\"font-weight: 400;\">Automatisierte Prozesse<\/span><\/h4>\n<p style=\"text-align: center;\"><span style=\"font-weight: 400;\">\u00a0Unsere Abfertigungsprozesse sind digitalisiert und erlauben Ihnen somit jederzeit Einblick und Zugriff \u00fcber unser Webportal.<\/span><\/p>\n\n\t\t<\/div>\n\t<\/div>\n<\/div><\/div><\/div><div class=\"wpb_column vc_column_container vc_col-sm-4 vc_col-has-fill\"><div class=\"vc_column-inner vc_custom_1674652444542\"><div class=\"wpb_wrapper\">\n\t<div  class=\"wpb_single_image wpb_content_element vc_align_center\">\n\t\t\n\t\t<figure class=\"wpb_wrapper vc_figure\">\n\t\t\t<div class=\"vc_single_image-wrapper   vc_box_border_grey\"><img loading=\"lazy\" decoding=\"async\" width=\"150\" height=\"150\" src=\"https:\/\/portagent.eu\/wp-content\/uploads\/2023\/01\/Untitled-design-5-150x150.png\" class=\"vc_single_image-img attachment-thumbnail\" alt=\"\" srcset=\"https:\/\/portagent.eu\/wp-content\/uploads\/2023\/01\/Untitled-design-5-150x150.png 150w, https:\/\/portagent.eu\/wp-content\/uploads\/2023\/01\/Untitled-design-5-300x300.png 300w, https:\/\/portagent.eu\/wp-content\/uploads\/2023\/01\/Untitled-design-5-1024x1024.png 1024w, https:\/\/portagent.eu\/wp-content\/uploads\/2023\/01\/Untitled-design-5-768x768.png 768w, https:\/\/portagent.eu\/wp-content\/uploads\/2023\/01\/Untitled-design-5-1536x1536.png 1536w, https:\/\/portagent.eu\/wp-content\/uploads\/2023\/01\/Untitled-design-5-2048x2048.png 2048w, https:\/\/portagent.eu\/wp-content\/uploads\/2023\/01\/Untitled-design-5-12x12.png 12w, https:\/\/portagent.eu\/wp-content\/uploads\/2023\/01\/Untitled-design-5-130x130.png 130w, https:\/\/portagent.eu\/wp-content\/uploads\/2023\/01\/Untitled-design-5-40x40.png 40w\" sizes=\"(max-width: 150px) 100vw, 150px\" \/><\/div>\n\t\t<\/figure>\n\t<\/div>\n\n\t<div class=\"wpb_text_column wpb_content_element  white\" >\n\t\t<div class=\"wpb_wrapper\">\n\t\t\t<h4 style=\"text-align: center;\"><span style=\"font-weight: 400;\">Unser Fachpersonal<\/span><\/h4>\n<p style=\"text-align: center;\"><span style=\"font-weight: 400;\">Durch regelm\u00e4\u00dfige Fortbildungen und Wissenstransfer zu unseren Partnerunternehmen investieren wir laufend in unsere Fachkompetenz.<\/span><\/p>\n\n\t\t<\/div>\n\t<\/div>\n<\/div><\/div><\/div><\/div><div class=\"vc_row-full-width\"><\/div>","protected":false},"excerpt":{"rendered":"Nutzen Sie unser Zolllager\/Verwahrlager, um die Einfuhrprozedur hinauszuschieben. Ein Zolllager oder Verwahrlager kann Ihnen helfen Ihren Cash-Flow zu optimieren und Ware noch vor der Verzollung in Augenschein zu nehmen und zu \u00fcberpr\u00fcfen. W\u00e4hrend...","protected":false},"author":3,"featured_media":0,"parent":2595,"menu_order":0,"comment_status":"closed","ping_status":"closed","template":"","meta":{"_acf_changed":false,"footnotes":""},"class_list":["post-2612","page","type-page","status-publish","hentry"],"acf":[],"yoast_head":"<!-- This site is optimized with the Yoast SEO plugin v24.5 - https:\/\/yoast.com\/wordpress\/plugins\/seo\/ -->\n<title>Zolllager - Portagent<\/title>\n<meta name=\"robots\" content=\"index, follow, max-snippet:-1, max-image-preview:large, max-video-preview:-1\" \/>\n<link rel=\"canonical\" href=\"https:\/\/portagent.eu\/de\/zolldienstleistungen\/zolllager\/\" \/>\n<meta property=\"og:locale\" content=\"de_DE\" \/>\n<meta property=\"og:type\" content=\"article\" \/>\n<meta property=\"og:title\" content=\"Zolllager - Portagent\" \/>\n<meta property=\"og:url\" content=\"https:\/\/portagent.eu\/de\/zolldienstleistungen\/zolllager\/\" \/>\n<meta property=\"og:site_name\" content=\"Portagent\" \/>\n<meta property=\"article:publisher\" content=\"https:\/\/www.facebook.com\/portagent\" \/>\n<meta property=\"article:modified_time\" content=\"2025-07-30T18:30:54+00:00\" \/>\n<meta name=\"twitter:card\" content=\"summary_large_image\" \/>\n<meta name=\"twitter:label1\" content=\"Gesch\u00e4tzte Lesezeit\" \/>\n\t<meta name=\"twitter:data1\" content=\"3 Minuten\" \/>\n<script type=\"application\/ld+json\" class=\"yoast-schema-graph\">{\"@context\":\"https:\/\/schema.org\",\"@graph\":[{\"@type\":\"WebPage\",\"@id\":\"https:\/\/portagent.eu\/de\/zolldienstleistungen\/zolllager\/\",\"url\":\"https:\/\/portagent.eu\/de\/zolldienstleistungen\/zolllager\/\",\"name\":\"Zolllager - Portagent\",\"isPartOf\":{\"@id\":\"https:\/\/portagent.eu\/de\/#website\"},\"datePublished\":\"2023-04-07T06:24:13+00:00\",\"dateModified\":\"2025-07-30T18:30:54+00:00\",\"breadcrumb\":{\"@id\":\"https:\/\/portagent.eu\/de\/zolldienstleistungen\/zolllager\/#breadcrumb\"},\"inLanguage\":\"de-AT\",\"potentialAction\":[{\"@type\":\"ReadAction\",\"target\":[\"https:\/\/portagent.eu\/de\/zolldienstleistungen\/zolllager\/\"]}]},{\"@type\":\"BreadcrumbList\",\"@id\":\"https:\/\/portagent.eu\/de\/zolldienstleistungen\/zolllager\/#breadcrumb\",\"itemListElement\":[{\"@type\":\"ListItem\",\"position\":1,\"name\":\"Home\",\"item\":\"https:\/\/portagent.eu\/de\/\"},{\"@type\":\"ListItem\",\"position\":2,\"name\":\"Zolldienstleistungen\",\"item\":\"https:\/\/portagent.eu\/de\/zolldienstleistungen\/\"},{\"@type\":\"ListItem\",\"position\":3,\"name\":\"Zolllager\"}]},{\"@type\":\"WebSite\",\"@id\":\"https:\/\/portagent.eu\/de\/#website\",\"url\":\"https:\/\/portagent.eu\/de\/\",\"name\":\"Portagent\",\"description\":\"COMPETENCE &amp; PARTNERSHIP in port logistics and customs clearence\",\"publisher\":{\"@id\":\"https:\/\/portagent.eu\/de\/#organization\"},\"potentialAction\":[{\"@type\":\"SearchAction\",\"target\":{\"@type\":\"EntryPoint\",\"urlTemplate\":\"https:\/\/portagent.eu\/de\/?s={search_term_string}\"},\"query-input\":{\"@type\":\"PropertyValueSpecification\",\"valueRequired\":true,\"valueName\":\"search_term_string\"}}],\"inLanguage\":\"de-AT\"},{\"@type\":\"Organization\",\"@id\":\"https:\/\/portagent.eu\/de\/#organization\",\"name\":\"Portagent\",\"url\":\"https:\/\/portagent.eu\/de\/\",\"logo\":{\"@type\":\"ImageObject\",\"inLanguage\":\"de-AT\",\"@id\":\"https:\/\/portagent.eu\/de\/#\/schema\/logo\/image\/\",\"url\":\"https:\/\/portagent.eu\/wp-content\/uploads\/2023\/02\/portagent_logo.png\",\"contentUrl\":\"https:\/\/portagent.eu\/wp-content\/uploads\/2023\/02\/portagent_logo.png\",\"width\":411,\"height\":123,\"caption\":\"Portagent\"},\"image\":{\"@id\":\"https:\/\/portagent.eu\/de\/#\/schema\/logo\/image\/\"},\"sameAs\":[\"https:\/\/www.facebook.com\/portagent\",\"https:\/\/www.linkedin.com\/company\/portagent\/?originalSubdomain=de\",\"https:\/\/www.instagram.com\/portagent\"]}]}<\/script>\n<!-- \/ Yoast SEO plugin. -->","yoast_head_json":{"title":"Zolllager - Portagent","robots":{"index":"index","follow":"follow","max-snippet":"max-snippet:-1","max-image-preview":"max-image-preview:large","max-video-preview":"max-video-preview:-1"},"canonical":"https:\/\/portagent.eu\/de\/zolldienstleistungen\/zolllager\/","og_locale":"de_DE","og_type":"article","og_title":"Zolllager - Portagent","og_url":"https:\/\/portagent.eu\/de\/zolldienstleistungen\/zolllager\/","og_site_name":"Portagent","article_publisher":"https:\/\/www.facebook.com\/portagent","article_modified_time":"2025-07-30T18:30:54+00:00","twitter_card":"summary_large_image","twitter_misc":{"Gesch\u00e4tzte Lesezeit":"3 Minuten"},"schema":{"@context":"https:\/\/schema.org","@graph":[{"@type":"WebPage","@id":"https:\/\/portagent.eu\/de\/zolldienstleistungen\/zolllager\/","url":"https:\/\/portagent.eu\/de\/zolldienstleistungen\/zolllager\/","name":"Zolllager - Portagent","isPartOf":{"@id":"https:\/\/portagent.eu\/de\/#website"},"datePublished":"2023-04-07T06:24:13+00:00","dateModified":"2025-07-30T18:30:54+00:00","breadcrumb":{"@id":"https:\/\/portagent.eu\/de\/zolldienstleistungen\/zolllager\/#breadcrumb"},"inLanguage":"de-AT","potentialAction":[{"@type":"ReadAction","target":["https:\/\/portagent.eu\/de\/zolldienstleistungen\/zolllager\/"]}]},{"@type":"BreadcrumbList","@id":"https:\/\/portagent.eu\/de\/zolldienstleistungen\/zolllager\/#breadcrumb","itemListElement":[{"@type":"ListItem","position":1,"name":"Home","item":"https:\/\/portagent.eu\/de\/"},{"@type":"ListItem","position":2,"name":"Zolldienstleistungen","item":"https:\/\/portagent.eu\/de\/zolldienstleistungen\/"},{"@type":"ListItem","position":3,"name":"Zolllager"}]},{"@type":"WebSite","@id":"https:\/\/portagent.eu\/de\/#website","url":"https:\/\/portagent.eu\/de\/","name":"Portagent","description":"COMPETENCE &amp; PARTNERSHIP in port logistics and customs clearence","publisher":{"@id":"https:\/\/portagent.eu\/de\/#organization"},"potentialAction":[{"@type":"SearchAction","target":{"@type":"EntryPoint","urlTemplate":"https:\/\/portagent.eu\/de\/?s={search_term_string}"},"query-input":{"@type":"PropertyValueSpecification","valueRequired":true,"valueName":"search_term_string"}}],"inLanguage":"de-AT"},{"@type":"Organization","@id":"https:\/\/portagent.eu\/de\/#organization","name":"Portagent","url":"https:\/\/portagent.eu\/de\/","logo":{"@type":"ImageObject","inLanguage":"de-AT","@id":"https:\/\/portagent.eu\/de\/#\/schema\/logo\/image\/","url":"https:\/\/portagent.eu\/wp-content\/uploads\/2023\/02\/portagent_logo.png","contentUrl":"https:\/\/portagent.eu\/wp-content\/uploads\/2023\/02\/portagent_logo.png","width":411,"height":123,"caption":"Portagent"},"image":{"@id":"https:\/\/portagent.eu\/de\/#\/schema\/logo\/image\/"},"sameAs":["https:\/\/www.facebook.com\/portagent","https:\/\/www.linkedin.com\/company\/portagent\/?originalSubdomain=de","https:\/\/www.instagram.com\/portagent"]}]}},"jetpack_sharing_enabled":true,"_links":{"self":[{"href":"https:\/\/portagent.eu\/de\/wp-json\/wp\/v2\/pages\/2612"}],"collection":[{"href":"https:\/\/portagent.eu\/de\/wp-json\/wp\/v2\/pages"}],"about":[{"href":"https:\/\/portagent.eu\/de\/wp-json\/wp\/v2\/types\/page"}],"author":[{"embeddable":true,"href":"https:\/\/portagent.eu\/de\/wp-json\/wp\/v2\/users\/3"}],"replies":[{"embeddable":true,"href":"https:\/\/portagent.eu\/de\/wp-json\/wp\/v2\/comments?post=2612"}],"version-history":[{"count":7,"href":"https:\/\/portagent.eu\/de\/wp-json\/wp\/v2\/pages\/2612\/revisions"}],"predecessor-version":[{"id":3782,"href":"https:\/\/portagent.eu\/de\/wp-json\/wp\/v2\/pages\/2612\/revisions\/3782"}],"up":[{"embeddable":true,"href":"https:\/\/portagent.eu\/de\/wp-json\/wp\/v2\/pages\/2595"}],"wp:attachment":[{"href":"https:\/\/portagent.eu\/de\/wp-json\/wp\/v2\/media?parent=2612"}],"curies":[{"name":"wp","href":"https:\/\/api.w.org\/{rel}","templated":true}]}}